{"id":1000,"date":"2020-08-24T07:35:10","date_gmt":"2020-08-24T07:35:10","guid":{"rendered":"https:\/\/brfsorbyangen.se\/?page_id=1000"},"modified":"2025-07-05T10:55:45","modified_gmt":"2025-07-05T10:55:45","slug":"lana-verktyg","status":"publish","type":"page","link":"https:\/\/brfsorbyangen.se\/?page_id=1000","title":{"rendered":"L\u00e5na verktyg"},"content":{"rendered":"<div class=\"wp-block-image\">\n<figure class=\"alignleft is-resized\"><img decoding=\"async\" src=\"https:\/\/images.clasohlson.com\/medias\/sys_master\/ha9\/h8d\/9676323291166.jpg\" alt=\"Transportk\u00e4rra\" style=\"width:114px;height:124px\"\/><\/figure>\n<\/div>\n\n<div class=\"wp-block-image\">\n<figure class=\"aligncenter is-resized\"><img decoding=\"async\" src=\"https:\/\/images.clasohlson.com\/medias\/sys_master\/h10\/hb0\/9676422021150.jpg\" alt=\"Borrhammare Cocraft HR710\" style=\"width:123px;height:133px\"\/><\/figure>\n<\/div>\n\n\n<p><strong>Vi har till f\u00f6reningen k\u00f6pt in lite verktyg som man oftast inte sj\u00e4lv har. Det som du som medlem kan f\u00e5 l\u00e5na \u00e4r:<\/strong><br><strong>&#8211; Borrhammare\/slagborrmaskin med borrar &#8211; f\u00f6r betongv\u00e4ggar<br>&#8211; Skruvdragare<br>&#8211; Slipmasin<br>&#8211; Skruvdragare\/borrmaskin med borrar &#8211; f\u00f6r vanliga v\u00e4ggar<br>&#8211; Pirra &#8211; f\u00f6r flytt<br><br>alla dessa saker finns tillsammans med glas, bunkar mm till orangeriet inne i f\u00f6reningsrummet (vanliga l\u00e4genhetsnyckeln g\u00e5r dit)  l\u00e4ngst ner i nummer 53.<\/strong><br><strong><br>&#8211; Slang f\u00f6r bevattning &#8211; finns i milj\u00f6rummen<\/strong><\/p>\n\n\n\n<p><strong><br><\/strong><\/p>\n\n\n\n<p><\/p>\n","protected":false},"excerpt":{"rendered":"<p>Vi har till f\u00f6reningen k\u00f6pt in lite verktyg som man oftast inte sj\u00e4lv har. Det som du som medlem kan f\u00e5 l\u00e5na \u00e4r:&#8211; Borrhammare\/slagborrmaskin med borrar &#8211; f\u00f6r betongv\u00e4ggar&#8211; Skruvdragare&#8211; Slipmasin&#8211; Skruvdragare\/borrmaskin med borrar &#8211; f\u00f6r vanliga v\u00e4ggar&#8211; Pirra &#8211; &hellip; <a href=\"https:\/\/brfsorbyangen.se\/?page_id=1000\">Forts\u00e4tt l\u00e4sa <span class=\"meta-nav\">&rarr;<\/span><\/a><\/p>\n","protected":false},"author":2,"featured_media":0,"parent":0,"menu_order":0,"comment_status":"closed","ping_status":"closed","template":"","meta":{"footnotes":""},"class_list":["post-1000","page","type-page","status-publish","hentry"],"_links":{"self":[{"href":"https:\/\/brfsorbyangen.se\/index.php?rest_route=\/wp\/v2\/pages\/1000","targetHints":{"allow":["GET"]}}],"collection":[{"href":"https:\/\/brfsorbyangen.se\/index.php?rest_route=\/wp\/v2\/pages"}],"about":[{"href":"https:\/\/brfsorbyangen.se\/index.php?rest_route=\/wp\/v2\/types\/page"}],"author":[{"embeddable":true,"href":"https:\/\/brfsorbyangen.se\/index.php?rest_route=\/wp\/v2\/users\/2"}],"replies":[{"embeddable":true,"href":"https:\/\/brfsorbyangen.se\/index.php?rest_route=%2Fwp%2Fv2%2Fcomments&post=1000"}],"version-history":[{"count":7,"href":"https:\/\/brfsorbyangen.se\/index.php?rest_route=\/wp\/v2\/pages\/1000\/revisions"}],"predecessor-version":[{"id":1795,"href":"https:\/\/brfsorbyangen.se\/index.php?rest_route=\/wp\/v2\/pages\/1000\/revisions\/1795"}],"wp:attachment":[{"href":"https:\/\/brfsorbyangen.se\/index.php?rest_route=%2Fwp%2Fv2%2Fmedia&parent=1000"}],"curies":[{"name":"wp","href":"https:\/\/api.w.org\/{rel}","templated":true}]}}