{"id":120,"date":"2018-07-12T07:05:28","date_gmt":"2018-07-12T07:05:28","guid":{"rendered":"https:\/\/brfsorbyangen.se\/?page_id=120"},"modified":"2020-09-22T08:39:44","modified_gmt":"2020-09-22T08:39:44","slug":"om-foreningen","status":"publish","type":"page","link":"https:\/\/brfsorbyangen.se\/?page_id=120","title":{"rendered":"Om f\u00f6reningen"},"content":{"rendered":"<p><strong>Bostadsr\u00e4ttsf\u00f6reningen S\u00f6rby\u00e4ngen i \u00d6rebro (769629-5422) som \u00e4r registrerad hos Bolagsverket 2015-02-09, har till \u00e4ndam\u00e5l att <em>&#8221;fr\u00e4mja medlemmarnas ekonomiska intressen genom att i f\u00f6reningens hus uppl\u00e5ta bost\u00e4der, mark och lokaler \u00e5t medlemmarna till nyttjande utan tidsbegr\u00e4nsning&#8221;<\/em>.<\/strong><br \/><strong>F\u00f6reningens ekonomiska plan registrerades 2016-01-29.<\/strong><br \/><strong>Under 2016 blev byggnationerna p\u00e5 f\u00f6reningens fastighet Vinrutan 1 f\u00e4rdigst\u00e4llt. Tilltr\u00e4de av bostadsr\u00e4tterna har skett i etapper under 2016 och i b\u00f6rjan av december 2016 var samtliga 113 l\u00e4genheter i f\u00f6reningen tilltr\u00e4dda.<\/strong><br \/><strong>Antal l\u00e4genheter \u00e4r 113 st, den totala bostadsyta f\u00f6r hela f\u00f6reningen \u00e4r 6 910 m\u00b2 och det finns 2 lokaler f\u00f6r uthyrning om vardera 127 m\u00b2.<\/strong><br \/><strong>Antal medlemmar \u00e4r runt 200 st.<\/strong><\/p>\n\n\n<p><\/p>\n","protected":false},"excerpt":{"rendered":"<p>Bostadsr\u00e4ttsf\u00f6reningen S\u00f6rby\u00e4ngen i \u00d6rebro (769629-5422) som \u00e4r registrerad hos Bolagsverket 2015-02-09, har till \u00e4ndam\u00e5l att &#8221;fr\u00e4mja medlemmarnas ekonomiska intressen genom att i f\u00f6reningens hus uppl\u00e5ta bost\u00e4der, mark och lokaler \u00e5t medlemmarna till nyttjande utan tidsbegr\u00e4nsning&#8221;.F\u00f6reningens ekonomiska plan registrerades 2016-01-29.Under 2016 &hellip; <a href=\"https:\/\/brfsorbyangen.se\/?page_id=120\">Forts\u00e4tt l\u00e4sa <span class=\"meta-nav\">&rarr;<\/span><\/a><\/p>\n","protected":false},"author":2,"featured_media":0,"parent":0,"menu_order":0,"comment_status":"closed","ping_status":"closed","template":"","meta":{"footnotes":""},"class_list":["post-120","page","type-page","status-publish","hentry"],"_links":{"self":[{"href":"https:\/\/brfsorbyangen.se\/index.php?rest_route=\/wp\/v2\/pages\/120","targetHints":{"allow":["GET"]}}],"collection":[{"href":"https:\/\/brfsorbyangen.se\/index.php?rest_route=\/wp\/v2\/pages"}],"about":[{"href":"https:\/\/brfsorbyangen.se\/index.php?rest_route=\/wp\/v2\/types\/page"}],"author":[{"embeddable":true,"href":"https:\/\/brfsorbyangen.se\/index.php?rest_route=\/wp\/v2\/users\/2"}],"replies":[{"embeddable":true,"href":"https:\/\/brfsorbyangen.se\/index.php?rest_route=%2Fwp%2Fv2%2Fcomments&post=120"}],"version-history":[{"count":9,"href":"https:\/\/brfsorbyangen.se\/index.php?rest_route=\/wp\/v2\/pages\/120\/revisions"}],"predecessor-version":[{"id":1039,"href":"https:\/\/brfsorbyangen.se\/index.php?rest_route=\/wp\/v2\/pages\/120\/revisions\/1039"}],"wp:attachment":[{"href":"https:\/\/brfsorbyangen.se\/index.php?rest_route=%2Fwp%2Fv2%2Fmedia&parent=120"}],"curies":[{"name":"wp","href":"https:\/\/api.w.org\/{rel}","templated":true}]}}