{"id":1420,"date":"2022-01-05T10:11:50","date_gmt":"2022-01-05T10:11:50","guid":{"rendered":"https:\/\/brfsorbyangen.se\/?page_id=1420"},"modified":"2022-01-05T10:11:50","modified_gmt":"2022-01-05T10:11:50","slug":"storningar","status":"publish","type":"page","link":"https:\/\/brfsorbyangen.se\/?page_id=1420","title":{"rendered":"St\u00f6rningar"},"content":{"rendered":"\n<p><strong>Om du upplever att en granne st\u00f6r eller det f\u00f6rekommer v\u00e5ld eller hot b\u00f6r du som granne och boende agera.<br>G\u00e4ller det hot eller v\u00e5ld och det \u00e4r p\u00e5g\u00e5ende skall Polisen kontaktas p\u00e5 telefon 112.<br><br>\u00c4r det en h\u00f6gljudd fest etc efter klockan 22.00 kan du som boende kontakta st\u00f6rningsjouren p\u00e5 Avarn som vi har ett avtal med<\/strong> <strong>p\u00e5 telefon 010-210 90 00<\/strong><br><br><strong>Avgiften f\u00f6r Avarn kommer att debiteras den som har st\u00f6rt.<\/strong><\/p>\n\n\n\n<p><\/p>\n","protected":false},"excerpt":{"rendered":"<p>Om du upplever att en granne st\u00f6r eller det f\u00f6rekommer v\u00e5ld eller hot b\u00f6r du som granne och boende agera.G\u00e4ller det hot eller v\u00e5ld och det \u00e4r p\u00e5g\u00e5ende skall Polisen kontaktas p\u00e5 telefon 112. \u00c4r det en h\u00f6gljudd fest etc &hellip; <a href=\"https:\/\/brfsorbyangen.se\/?page_id=1420\">Forts\u00e4tt l\u00e4sa <span class=\"meta-nav\">&rarr;<\/span><\/a><\/p>\n","protected":false},"author":2,"featured_media":0,"parent":0,"menu_order":0,"comment_status":"closed","ping_status":"closed","template":"","meta":{"footnotes":""},"class_list":["post-1420","page","type-page","status-publish","hentry"],"_links":{"self":[{"href":"https:\/\/brfsorbyangen.se\/index.php?rest_route=\/wp\/v2\/pages\/1420","targetHints":{"allow":["GET"]}}],"collection":[{"href":"https:\/\/brfsorbyangen.se\/index.php?rest_route=\/wp\/v2\/pages"}],"about":[{"href":"https:\/\/brfsorbyangen.se\/index.php?rest_route=\/wp\/v2\/types\/page"}],"author":[{"embeddable":true,"href":"https:\/\/brfsorbyangen.se\/index.php?rest_route=\/wp\/v2\/users\/2"}],"replies":[{"embeddable":true,"href":"https:\/\/brfsorbyangen.se\/index.php?rest_route=%2Fwp%2Fv2%2Fcomments&post=1420"}],"version-history":[{"count":1,"href":"https:\/\/brfsorbyangen.se\/index.php?rest_route=\/wp\/v2\/pages\/1420\/revisions"}],"predecessor-version":[{"id":1421,"href":"https:\/\/brfsorbyangen.se\/index.php?rest_route=\/wp\/v2\/pages\/1420\/revisions\/1421"}],"wp:attachment":[{"href":"https:\/\/brfsorbyangen.se\/index.php?rest_route=%2Fwp%2Fv2%2Fmedia&parent=1420"}],"curies":[{"name":"wp","href":"https:\/\/api.w.org\/{rel}","templated":true}]}}