{"id":1439,"date":"2022-02-08T08:07:02","date_gmt":"2022-02-08T08:07:02","guid":{"rendered":"https:\/\/brfsorbyangen.se\/?page_id=1439"},"modified":"2024-07-08T14:59:06","modified_gmt":"2024-07-08T14:59:06","slug":"gransdragning-av-ansvar-mellan-forening-brf-och-agare-brh","status":"publish","type":"page","link":"https:\/\/brfsorbyangen.se\/?page_id=1439","title":{"rendered":"Gr\u00e4nsdragning av ansvar  mellan f\u00f6rening (Brf) och \u00e4gare (Brh)"},"content":{"rendered":"\n<figure class=\"wp-block-table\"><table><tbody><tr><td><br><\/td><td><br><\/td><td><br><\/td><td><br><\/td><\/tr><tr><td><strong>V\u00e4ggar i l\u00e4genhet<\/strong><\/td><td><strong>Brf:s ansvar<\/strong><\/td><td><strong>Brh:s ansvar<\/strong><\/td><td>Kommentarer<\/td><\/tr><tr><td>L\u00e4genhetsavskiljande v\u00e4gg<\/td><td><br><\/td><td>\u2022<\/td><td>Insidan, t.ex. tapeter och puts, inkl. ev. t\u00e4tskikt i v\u00e5trum, in till byggnadens stomme.<\/td><\/tr><tr><td>Icke b\u00e4rande innerv\u00e4gg<\/td><td><br><\/td><td>\u2022<\/td><td><br><\/td><\/tr><tr><td>Ytskikt p\u00e5 v\u00e4gg inklusive underliggande behandling som kr\u00e4vs f\u00f6r att anbringa ytskiktet<\/td><td><br><\/td><td>\u2022<\/td><td>Insidan av l\u00e4genhetesavskil- jande och b\u00e4rande v\u00e4gg, t&nbsp;ex tapet m\u00e5lning, puts inkl fuktisolerande skikt (fuktsp\u00e4rr) i v\u00e5trum.<\/td><\/tr><tr><td>Ytterv\u00e4gg och b\u00e4rande konstruktion<\/td><td>\u2022<\/td><td><br><\/td><td><br><\/td><\/tr><tr><td><br><\/td><\/tr><tr><td><strong>Golv<\/strong><\/td><td><strong>Brf:s ansvar<\/strong><\/td><td><strong>Brh:s ansvar<\/strong><\/td><td>Kommentarer<\/td><\/tr><tr><td>Ytskikt p\u00e5 golv inkl underliggande behandling som kr\u00e4vs f\u00f6r att anbringa ytskiktet.<\/td><td><br><\/td><td>\u2022<\/td><td>Exempel p\u00e5 underskikt som h\u00f6r till bostadsr\u00e4ttshavarens ansvar; gipsskiva, sp\u00e5nskiva, sand<\/td><\/tr><tr><td>Golv inkl. ev. t\u00e4tskikt intill byggnadens stomme (t.ex. b\u00e4rande bj\u00e4lklag)<\/td><td><br><\/td><td>\u2022<\/td><td>Med golv avses t.ex. tr\u00e5d- eller kemsvetsad golvmatta, keramiska plattor. Bakomliggande (fuktisolerande) (t\u00e4t)skikt, parkettgolv inkl under- liggande sand.<\/td><\/tr><tr><td><br><\/td><\/tr><tr><td><strong>Innertak i l\u00e4genhet<\/strong><\/td><td><strong>Brf:s ansvar<\/strong><\/td><td><strong>Brh:s ansvar<\/strong><\/td><td>Kommentarer<\/td><\/tr><tr><td>Innertak upp till byggnadens stomme inkl underliggande behandling som kr\u00e4vs f\u00f6r att anbringa ytskiktet<\/td><td><br><\/td><td>\u2022<\/td><td>Ytskikt och underskikt som t&nbsp;ex m\u00e5lning, puts, och stuckatur<\/td><\/tr><tr><td><br><\/td><\/tr><tr><td><strong>D\u00f6rrar<\/strong><\/td><td><strong>Brf:s ansvar<\/strong><\/td><td><strong>Brh:s ansvar<\/strong><\/td><td>Kommentarer<\/td><\/tr><tr><td>Ytterd\u00f6rr ytbehandling utsida<\/td><td>\u2022<\/td><td><br><\/td><td>Om f\u00f6nsterd\u00f6rr (balkongd\u00f6rr) se s\u00e4rskild rubrik<\/td><\/tr><tr><td>Ytterd\u00f6rr&nbsp;inklusive; &#8211; d\u00f6rrblad, karm och lister\/foder, &#8211; ytbehandling insida, &#8211; handtag och beslag, &#8211; l\u00e5s inkl l\u00e5scylinder, l\u00e5skista, beslag och nycklar, &#8211; ringklocka, &#8211; brevinkast och namnskylt, &#8211; tr\u00f6skel, &#8211; t\u00e4tningslist<\/td><td><br><\/td><td>\u2022<\/td><td>Vid byte av d\u00f6rr ska g\u00e4llande normer f\u00f6r ljud och brandklassning uppfyllas samt godk\u00e4nnas av BRF.<br>Namnskylten \u00e4ndras\/underh\u00e5lles av Brf vid \u00e4garbyte<\/td><\/tr><tr><td>Innerd\u00f6rr, d\u00f6rr i lgh<\/td><td><br><\/td><td>\u2022<\/td><td><br><\/td><\/tr><tr><td><br><\/td><\/tr><tr><td><strong>F\u00f6nster och f\u00f6nsterd\u00f6rr\/balkongd\u00f6rr<\/strong><\/td><td><strong>Brf:s ansvar<\/strong><\/td><td><strong>Brh:s ansvar<\/strong><\/td><td>Anm\u00e4rkning<\/td><\/tr><tr><td>Karm, b\u00e5ge och tr\u00f6skel<\/td><td>\u2022<\/td><td><br><\/td><td><br><\/td><\/tr><tr><td>Yttre m\u00e5lning<\/td><td>\u2022<\/td><td><br><\/td><td>M\u00e5lning utsida<\/td><\/tr><tr><td>F\u00f6nsterglas, spr\u00f6js, kitt<\/td><td><br><\/td><td>\u2022<\/td><td><br><\/td><\/tr><tr><td>F\u00f6nsterb\u00e4nk<\/td><td><br><\/td><td>\u2022<\/td><td><br><\/td><\/tr><tr><td>Beslag, spanjolett, handtag, g\u00e5ngj\u00e4rn<\/td><td><br><\/td><td>\u2022<\/td><td><br><\/td><\/tr><tr><td>T\u00e4tningslist<\/td><td><br><\/td><td>\u2022<\/td><td><br><\/td><\/tr><tr><td>Persienn och markis<\/td><td><br><\/td><td>\u2022<\/td><td><br><\/td><\/tr><tr><td>Inv\u00e4ndig m\u00e5lning av karm och b\u00e5ge samt m\u00e5lning mellan b\u00e5garna<\/td><td><br><\/td><td>\u2022<\/td><td><br><\/td><\/tr><tr><td><br><\/td><\/tr><tr><td><strong>VVS-artiklar m.m.<br>Bad &amp; Tv\u00e4tt<\/strong><\/td><td><strong>Brf:s ansvar<\/strong><\/td><td><strong>Brh:s ansvar<\/strong><\/td><td>Kommentarer<\/td><\/tr><tr><td>Avloppsledning med golvbrunn och sil, inkl. armaturer<\/td><td>\u2022<\/td><td><br><\/td><td>F\u00f6reningen ansvarar f\u00f6r rensning av avloppsledning. BRH svarar f\u00f6r rensning av golvbrunn BRH svarar f\u00f6r underh\u00e5ll av ytskikt.<\/td><\/tr><tr><td>Rensning av vattenl\u00e5s<\/td><td><br><\/td><td>\u2022<\/td><td>BRH svarar f\u00f6r normal reng\u00f6ring<\/td><\/tr><tr><td>Kl\u00e4mring<\/td><td><br><\/td><td>\u2022<\/td><td>(F\u00f6r fixering av golvmatta till golvbrunn)<\/td><\/tr><tr><td>WC-stol<\/td><td><br><\/td><td>\u2022<\/td><td><br><\/td><\/tr><tr><td>Tv\u00e4ttst\u00e4ll<\/td><td><br><\/td><td>\u2022<\/td><td>Porslin, v\u00e4ggf\u00e4ste<\/td><\/tr><tr><td>Blandare, kall- och varmvattenarmaturer. Vattenl\u00e5s. Bottenventil och packningar<\/td><td>\u2022<\/td><td><br><\/td><td>Avser utrustning BRF monterat<\/td><\/tr><tr><td>Avst\u00e4ngningsventil.<\/td><td><br><\/td><td>\u2022<\/td><td><br><\/td><\/tr><tr><td>Badkar, dusch, duschkabin och duschslang<\/td><td><br><\/td><td>\u2022<\/td><td><br><\/td><\/tr><tr><td>Tv\u00e4ttmaskin, torktumlare<\/td><td><br><\/td><td>\u2022<\/td><td><br><\/td><\/tr><tr><td>Torksk\u00e5p med inredning<\/td><td><br><\/td><td>\u2022<\/td><td><br><\/td><\/tr><tr><td>Tv\u00e4ttb\u00e4nk och tv\u00e4ttl\u00e5da<\/td><td><br><\/td><td>\u2022<\/td><td><br><\/td><\/tr><tr><td>Kall- och varmvattenledning inkl armatur<\/td><td>\u2022<\/td><td><br><\/td><td>Till de delar som inte \u00e4r synliga i l\u00e4genheten. BRH svarar f\u00f6r underh\u00e5ll av ytskikt.<\/td><\/tr><tr><td>Golvv\u00e4rme<\/td><td><br><\/td><td>\u2022<\/td><td><br><\/td><\/tr><tr><td><br><\/td><\/tr><tr><td><strong>Ventilation och v\u00e4rme<\/strong><\/td><td><strong>Brf:s ansvar<\/strong><\/td><td><strong>Brh:s ansvar<\/strong><\/td><td>Kommentarer<\/td><\/tr><tr><td>Ventilationskanaler som utg\u00f6r del av husets ventilation<\/td><td>\u2022<\/td><td><br><\/td><td>Om den tj\u00e4nar fler \u00e4n den egna l\u00e4genheten<\/td><\/tr><tr><td>Ventilationsdon<\/td><td>\u2022<\/td><td><br><\/td><td>Fr\u00e5n- och tilluftsventiler. Inst\u00e4llningen f\u00e5r inte \u00e4ndras. Brh ansvarar f\u00f6r reng\u00f6ring och utbyte av filter. OBS! Var noga s\u00e5 att inst\u00e4llning ej rubbas.<\/td><\/tr><tr><td>Utluftsdon<\/td><td>\u2022<\/td><td><br><\/td><td><br><\/td><\/tr><tr><td>V\u00e4dringsfilter samt filter till k\u00f6ksfl\u00e4kt och spisk\u00e5pa<\/td><td><br><\/td><td>\u2022<\/td><td><br><\/td><\/tr><tr><td>Vattenradiator, v\u00e4rmeledning, ventil, termostat<\/td><td>\u2022<\/td><td><br><\/td><td>Bostadsr\u00e4ttshavaren ansvarar f\u00f6r m\u00e5lning av radiator samt luftning<\/td><\/tr><tr><td>Handdukstork<\/td><td><br><\/td><td>\u2022<\/td><td><\/td><\/tr><tr><td>Elektrisk golvv\u00e4rme<\/td><td><br><\/td><td>\u2022<\/td><td><\/td><\/tr><tr><td><br><\/td><td><br><\/td><td><br><\/td><td><br><\/td><\/tr><tr><td><strong>K\u00f6ksutrustning<\/strong><\/td><td><strong>Brf:s ansvar<\/strong><\/td><td><strong>Brh:s ansvar<\/strong><\/td><td>Kommentarer<\/td><\/tr><tr><td>Diskmaskin<\/td><td><br><\/td><td>\u2022<\/td><td>F\u00f6rst\u00e4rkt fuktskydd kr\u00e4vs<\/td><\/tr><tr><td>Kyl och fryssk\u00e5p Spis och mikrov\u00e5gsugn Annan k\u00f6ksinredning<\/td><td><br><\/td><td>\u2022<\/td><td><br><\/td><\/tr><tr><td>Diskb\u00e4nk samt b\u00e4nkskiva<\/td><td><br><\/td><td>\u2022<\/td><td><br><\/td><\/tr><tr><td>K\u00f6ksfl\u00e4kt och spisk\u00e5pa<\/td><td><br><\/td><td>\u2022<\/td><td>Byte och reng\u00f6ring av filter \u00e5ligger BRH. BRF ansvarar om fl\u00e4kten ing\u00e5r i husets ventilationssystem.<\/td><\/tr><tr><td><br><\/td><\/tr><tr><td><strong>El-artiklar<\/strong><\/td><td><strong>Brf:s ansvar<\/strong><\/td><td><strong>Brh:s ansvar<\/strong><\/td><td>Kommentarer<\/td><\/tr><tr><td>Elf\u00f6rs\u00f6rjning till l\u00e4genheten<\/td><td>\u2022<\/td><td><br><\/td><td><br><\/td><\/tr><tr><td>Elcentral\/s\u00e4kringssk\u00e5p<\/td><td>\u2022<\/td><td>\u2022<\/td><td>Ansvar ligger p\u00e5 brh f\u00f6r s\u00e4kringar inne i l\u00e4genheten<\/td><\/tr><tr><td>Byte av s\u00e4kring<\/td><td><br><\/td><td>\u2022<\/td><td>I l\u00e4genhet och tillh\u00f6rande utrymme (t.ex. garage)<\/td><\/tr><tr><td>Elledningar i l\u00e4genhet<\/td><td><br><\/td><td>\u2022<\/td><td>Till de delar som \u00e4r synliga i l\u00e4genheten och bara f\u00f6rs\u00f6rjer den egna l\u00e4genheten<\/td><\/tr><tr><td>Belysningsarmatur, eluttag, str\u00f6mbrytare och jordfelsbrytare<\/td><td><br><\/td><td>\u2022<\/td><td>BRH byter lampor och lysr\u00f6r.<\/td><\/tr><tr><td>Uttag f\u00f6r motorv\u00e4rmare\/laddstolpe<\/td><td>\u2022<\/td><td><br><\/td><td><br><\/td><\/tr><tr><td><br><\/td><\/tr><tr><td><strong>F\u00f6rr\u00e5d, gemensamma utrymmen m.m.<\/strong><\/td><td><strong>Brf:s ansvar<\/strong><\/td><td><strong>Brh:s ansvar<\/strong><\/td><td>Kommentarer<\/td><\/tr><tr><td>Gemensamma utrymmen<\/td><td>\u2022<\/td><td><br><\/td><td>T.ex. soputrymme<\/td><\/tr><tr><td>F\u00f6rr\u00e5d till l\u00e4genhet uppl\u00e5tet med bostadsr\u00e4tt och liknande utrymmen tillh\u00f6rande l\u00e4genheten<\/td><td><br><\/td><td>\u2022<\/td><td>Samma regler som f\u00f6r l\u00e4genhet avseende golv, v\u00e4ggar, innertak, inredning, etc<\/td><\/tr><tr><td>D\u00f6rr- och l\u00e5sbeslag till l\u00e4genhetsf\u00f6rr\u00e5d som ing\u00e5r i uppl\u00e5telsen<\/td><td>\u2022<\/td><td><br><\/td><td>L\u00e5s tillhandah\u00e5lles av BRH<\/td><\/tr><tr><td>N\u00e4tv\u00e4ggar i f\u00f6rr\u00e5d och garage<\/td><td>\u2022<\/td><td><br><\/td><td><br><\/td><\/tr><tr><td><br><\/td><\/tr><tr><td><strong>Mark, uteplats m.m.<\/strong><\/td><td><strong>Brf:s ansvar<\/strong><\/td><td><strong>Brh:s ansvar<\/strong><\/td><td>Kommentarer<\/td><\/tr><tr><td>Underh\u00e5ll av mark som inte \u00e4r uppl\u00e5ten med bostadsr\u00e4tt<\/td><td><br><\/td><td>\u2022<\/td><td>Enligt nyttjander\u00e4ttsavtal med bostadsr\u00e4ttshavaren<\/td><\/tr><tr><td>Mark som ing\u00e5r i uppl\u00e5telsen<\/td><td><br><\/td><td>\u2022<\/td><td>BRH \u00e4r skyldig att f\u00f6lja vad som specificerats i stadgarna om detta.<\/td><\/tr><tr><td>Uteplats<\/td><td>\u2022<\/td><td><br><\/td><td>Snickerier, etc. BRH f\u00e5r ej utf\u00f6ra egna installationer utan BRF\u2019s skriftliga tillst\u00e5nd.<\/td><\/tr><tr><td>Sn\u00f6skottning och renh\u00e5llning<\/td><td><br><\/td><td>\u2022<\/td><td>G\u00e4ller t.ex. balkong, altan eller uteplats<\/td><\/tr><tr><td><br><\/td><\/tr><tr><td><strong>Balkong och altan<\/strong><\/td><td><strong>Brf:s ansvar<\/strong><\/td><td><strong>Brh:s ansvar<\/strong><\/td><td>Kommentarer<\/td><\/tr><tr><td>M\u00e5lning av balkongtak, sida och utsida av balkongfront<\/td><td>\u2022<\/td><td><br><\/td><td><br><\/td><\/tr><tr><td>Ytbehandling av balkonggolv samt insidan av balkongfront<\/td><td><br><\/td><td>\u2022<\/td><td>Ytbehandling och m\u00e5lning utf\u00f6res enligt f\u00f6reningens instruktioner<\/td><\/tr><tr><td>Glas p\u00e5 inglasad balkong\/altan<\/td><td><br><\/td><td>\u2022<\/td><td>F\u00f6r inglasning g\u00e4ller att typgodk\u00e4nd konstruktion kr\u00e4vs och att godk\u00e4nd entrepren\u00f6r anlitas f\u00f6r upps\u00e4ttningen. BRF ansvarar f\u00f6r byggnadslov.<\/td><\/tr><tr><td>M\u00e5lning av utsida till tak, sida och sk\u00e4rm<\/td><td>\u2022<\/td><td><br><\/td><td><br><\/td><\/tr><tr><td><br><\/td><\/tr><tr><td><strong>\u00d6vrigt<\/strong><\/td><td><strong>Brf:s ansvar<\/strong><\/td><td><strong>Brh:s ansvar<\/strong><\/td><td>Kommentarer<\/td><\/tr><tr><td>Inredningssnickerier, socklar, foder och lister<\/td><td><br><\/td><td>\u2022<\/td><td><br><\/td><\/tr><tr><td>Badrumssk\u00e5p, kl\u00e4dhylla och annan fast inredning<\/td><td><br><\/td><td>\u2022<\/td><td><br><\/td><\/tr><tr><td>Kostnader f\u00f6r skyltar i samband<br>med \u00e4garf\u00f6r\u00e4ndring<\/td><td>\u2022<\/td><td><\/td><td><\/td><\/tr><tr><td>K\u00e5por till belysningsarmatur<\/td><td><br><\/td><td>\u2022<\/td><td><br><\/td><\/tr><tr><td>Gardinst\u00e5ng<\/td><td><br><\/td><td>\u2022<\/td><td><br><\/td><\/tr><tr><td>Anordning av informations\u00f6verf\u00f6ring, t.ex. bredband och kabel-TV<\/td><td><br><\/td><td>\u2022<\/td><td>Till de delar som \u00e4r synliga i l\u00e4genheten och bara f\u00f6rs\u00f6rjer den egna l\u00e4genheten<\/td><\/tr><tr><td>Brandvarnare<\/td><td><br><\/td><td>\u2022<br><\/td><td><br><\/td><\/tr><\/tbody><\/table><\/figure>\n\n\n\n<p><\/p>\n","protected":false},"excerpt":{"rendered":"<p>V\u00e4ggar i l\u00e4genhet Brf:s ansvar Brh:s ansvar Kommentarer L\u00e4genhetsavskiljande v\u00e4gg \u2022 Insidan, t.ex. tapeter och puts, inkl. ev. t\u00e4tskikt i v\u00e5trum, in till byggnadens stomme. Icke b\u00e4rande innerv\u00e4gg \u2022 Ytskikt p\u00e5 v\u00e4gg inklusive underliggande behandling som kr\u00e4vs f\u00f6r att anbringa &hellip; <a href=\"https:\/\/brfsorbyangen.se\/?page_id=1439\">Forts\u00e4tt l\u00e4sa <span class=\"meta-nav\">&rarr;<\/span><\/a><\/p>\n","protected":false},"author":2,"featured_media":0,"parent":0,"menu_order":0,"comment_status":"closed","ping_status":"closed","template":"","meta":{"footnotes":""},"class_list":["post-1439","page","type-page","status-publish","hentry"],"_links":{"self":[{"href":"https:\/\/brfsorbyangen.se\/index.php?rest_route=\/wp\/v2\/pages\/1439","targetHints":{"allow":["GET"]}}],"collection":[{"href":"https:\/\/brfsorbyangen.se\/index.php?rest_route=\/wp\/v2\/pages"}],"about":[{"href":"https:\/\/brfsorbyangen.se\/index.php?rest_route=\/wp\/v2\/types\/page"}],"author":[{"embeddable":true,"href":"https:\/\/brfsorbyangen.se\/index.php?rest_route=\/wp\/v2\/users\/2"}],"replies":[{"embeddable":true,"href":"https:\/\/brfsorbyangen.se\/index.php?rest_route=%2Fwp%2Fv2%2Fcomments&post=1439"}],"version-history":[{"count":6,"href":"https:\/\/brfsorbyangen.se\/index.php?rest_route=\/wp\/v2\/pages\/1439\/revisions"}],"predecessor-version":[{"id":1657,"href":"https:\/\/brfsorbyangen.se\/index.php?rest_route=\/wp\/v2\/pages\/1439\/revisions\/1657"}],"wp:attachment":[{"href":"https:\/\/brfsorbyangen.se\/index.php?rest_route=%2Fwp%2Fv2%2Fmedia&parent=1439"}],"curies":[{"name":"wp","href":"https:\/\/api.w.org\/{rel}","templated":true}]}}