{"id":1593,"date":"2023-08-21T12:38:08","date_gmt":"2023-08-21T12:38:08","guid":{"rendered":"https:\/\/brfsorbyangen.se\/?page_id=1593"},"modified":"2026-01-31T13:56:30","modified_gmt":"2026-01-31T13:56:30","slug":"hyresgaster","status":"publish","type":"page","link":"https:\/\/brfsorbyangen.se\/?page_id=1593","title":{"rendered":"Hyresg\u00e4ster"},"content":{"rendered":"\n<p><strong>Vi som f\u00f6rening hyr inte ut n\u00e5gra l\u00e4genheter utan endast de tv\u00e5 lokaler vi har i nummer 53 respektive 63.<\/strong><\/p>\n\n\n\n<p><strong>V\u00e5ra hyresg\u00e4ster \u00e4r i nummer 53 the Club &#8211; H\u00e4lsoverket sam i nummer 63 Marias Restaurang. <\/strong> <strong>Gynna g\u00e4rna v\u00e5ra hyresg\u00e4ster!<\/strong><\/p>\n\n\n\n<p><\/p>\n","protected":false},"excerpt":{"rendered":"<p>Vi som f\u00f6rening hyr inte ut n\u00e5gra l\u00e4genheter utan endast de tv\u00e5 lokaler vi har i nummer 53 respektive 63. V\u00e5ra hyresg\u00e4ster \u00e4r i nummer 53 the Club &#8211; H\u00e4lsoverket sam i nummer 63 Marias Restaurang. Gynna g\u00e4rna v\u00e5ra hyresg\u00e4ster!<\/p>\n","protected":false},"author":2,"featured_media":0,"parent":0,"menu_order":0,"comment_status":"closed","ping_status":"closed","template":"","meta":{"footnotes":""},"class_list":["post-1593","page","type-page","status-publish","hentry"],"_links":{"self":[{"href":"https:\/\/brfsorbyangen.se\/index.php?rest_route=\/wp\/v2\/pages\/1593","targetHints":{"allow":["GET"]}}],"collection":[{"href":"https:\/\/brfsorbyangen.se\/index.php?rest_route=\/wp\/v2\/pages"}],"about":[{"href":"https:\/\/brfsorbyangen.se\/index.php?rest_route=\/wp\/v2\/types\/page"}],"author":[{"embeddable":true,"href":"https:\/\/brfsorbyangen.se\/index.php?rest_route=\/wp\/v2\/users\/2"}],"replies":[{"embeddable":true,"href":"https:\/\/brfsorbyangen.se\/index.php?rest_route=%2Fwp%2Fv2%2Fcomments&post=1593"}],"version-history":[{"count":3,"href":"https:\/\/brfsorbyangen.se\/index.php?rest_route=\/wp\/v2\/pages\/1593\/revisions"}],"predecessor-version":[{"id":1821,"href":"https:\/\/brfsorbyangen.se\/index.php?rest_route=\/wp\/v2\/pages\/1593\/revisions\/1821"}],"wp:attachment":[{"href":"https:\/\/brfsorbyangen.se\/index.php?rest_route=%2Fwp%2Fv2%2Fmedia&parent=1593"}],"curies":[{"name":"wp","href":"https:\/\/api.w.org\/{rel}","templated":true}]}}