{"id":1611,"date":"2024-04-25T12:33:39","date_gmt":"2024-04-25T12:33:39","guid":{"rendered":"https:\/\/brfsorbyangen.se\/?page_id=1611"},"modified":"2026-03-23T16:31:56","modified_gmt":"2026-03-23T16:31:56","slug":"info-for-maklare","status":"publish","type":"page","link":"https:\/\/brfsorbyangen.se\/?page_id=1611","title":{"rendered":"Info f\u00f6r m\u00e4klare och leverant\u00f6rer"},"content":{"rendered":"\n<p class=\"has-medium-font-size\"><em><strong><mark style=\"background-color:rgba(0, 0, 0, 0)\" class=\"has-inline-color has-blue-color\">Vi har h\u00e4r samlat de vanligaste fr\u00e5gorna vi f\u00e5r fr\u00e5n m\u00e4klare<\/mark><\/strong><\/em><mark style=\"background-color:rgba(0, 0, 0, 0)\" class=\"has-inline-color has-blue-color\"> <strong>och<\/strong> <strong>leverant\u00f6rer <\/strong><\/mark><br><mark style=\"background-color:rgba(0, 0, 0, 0)\" class=\"has-inline-color has-blue-color\"><strong>&#8211; kontakt med f\u00f6reningen sker via <a href=\"mailto:info@brfsorbyangen.se\">info@brfsorbyangen.se<\/a><\/strong><\/mark><\/p>\n\n\n\n<p><strong>M\u00e5nadsavgifter<\/strong><br>V\u00e5r tidigare h\u00f6jning av m\u00e5nadsavgiften var 1 juli 2023 &#8211; vi h\u00f6jde d\u00e5 f\u00f6r f\u00f6rsta g\u00e5ngen sedan f\u00f6reningen bildades i januari 2016 med 10%.<br>M\u00e5nadsavgifterna kommer att h\u00f6jas med 10% den 1 juli 2026 d\u00e5 vi f\u00e5tt h\u00f6jda kostnader f\u00f6r r\u00e4ntor, vatten och el.<\/p>\n\n\n\n<p><strong>\u00d6vernattningsrummet<\/strong><br>F\u00f6reningen har ett \u00f6vernattningsrum som \u00e4r bokningsbart via v\u00e5r bokningstavla i nummer 59 med tagg f\u00f6r alla medlemmar. Priset \u00e4r 200 kronor per natt, som betalas i f\u00f6rv\u00e4g med Swish.<\/p>\n\n\n\n<p><strong>M\u00e4klarbild och \u00f6vriga dokument<\/strong><br>Beg\u00e4ran om en &#8221;m\u00e4klarbild&#8221;, undertecknade \u00f6verl\u00e5telseavtal samt ans\u00f6kningar etc skickas med e-post till <a href=\"mailto:info@brfsorbyangen.se\">info@brfsorbyangen.se<\/a><\/p>\n\n\n\n<p><strong>Parkering<\/strong><br>Vi har tv\u00e5 olika typer av p-plats &#8211; utan el samt laddstolpe f\u00f6r elbil.<br>Vi har 81 platser totalt varav 28 platser med laddm\u00f6jlighet f\u00f6r elbil\/hybrid.<br>Priset f\u00f6r parkeringsplats utan el \u00e4r 300 kronor per m\u00e5nad och f\u00f6r laddplats \u00e4r det 400 kronor per m\u00e5nad plus kostnaden f\u00f6r elen.<br>D\u00e5 vi endast hyr ut till medlemmar kan man st\u00e4lla sig i k\u00f6 fr\u00e5n den dagen man flyttar in, dvs blir medlem i f\u00f6reningen.<br>Vi har i normalt en kortare k\u00f6 p\u00e5 n\u00e5gra m\u00e5nader till v\u00e5ra platser och svarar ej p\u00e5 hur l\u00e5ng k\u00f6tiden \u00e4r utan meddelar bostadshavaren n\u00e4r det blir aktuellt.<\/p>\n\n\n\n<p><strong>Internet\/tv-kanaler<\/strong><br>Vi har gruppavtal med Tele2 f\u00f6r Internet, idag hastighet 500\/50.<br>TV med Tele2&#8217;s digitala grundutbud) samt telefoni f\u00f6r 98 kronor vilket tas ut med m\u00e5nadsavgiften. <br>Gruppavtal inneb\u00e4r att bostadshavaren sj\u00e4lv har kontakten och relation g\u00e4llande anm\u00e4lan, fel etc med Tele2 men vi har tecknat ett f\u00f6rm\u00e5nligt avtal.<br><br><strong>Uppgifter kring fakturering<\/strong><br>Faktureringsadress f\u00f6r pappersfaktura \u00e4r Karlsdalsallen 61, 702 52 \u00d6rebro.<br>Faktureringsadress f\u00f6r elektroniska fakturor \u00e4r <a href=\"mailto:inbox.lev.1589542@arkivplats.se\">inbox.lev.1589542@arkivplats.se<\/a><\/p>\n\n\n\n<h2 class=\"wp-block-heading\">Bokslut, stadgar och ekonomisk plan<br>Se i <a href=\"https:\/\/brfsorbyangen.se\/?page_id=26\">&#8221;Dokument och hj\u00e4lp&#8221;<\/a><\/h2>\n\n\n\n<p><\/p>\n","protected":false},"excerpt":{"rendered":"<p>Vi har h\u00e4r samlat de vanligaste fr\u00e5gorna vi f\u00e5r fr\u00e5n m\u00e4klare och leverant\u00f6rer &#8211; kontakt med f\u00f6reningen sker via info@brfsorbyangen.se M\u00e5nadsavgifterV\u00e5r tidigare h\u00f6jning av m\u00e5nadsavgiften var 1 juli 2023 &#8211; vi h\u00f6jde d\u00e5 f\u00f6r f\u00f6rsta g\u00e5ngen sedan f\u00f6reningen bildades i &hellip; <a href=\"https:\/\/brfsorbyangen.se\/?page_id=1611\">Forts\u00e4tt l\u00e4sa <span class=\"meta-nav\">&rarr;<\/span><\/a><\/p>\n","protected":false},"author":2,"featured_media":0,"parent":0,"menu_order":0,"comment_status":"closed","ping_status":"closed","template":"","meta":{"footnotes":""},"class_list":["post-1611","page","type-page","status-publish","hentry"],"_links":{"self":[{"href":"https:\/\/brfsorbyangen.se\/index.php?rest_route=\/wp\/v2\/pages\/1611","targetHints":{"allow":["GET"]}}],"collection":[{"href":"https:\/\/brfsorbyangen.se\/index.php?rest_route=\/wp\/v2\/pages"}],"about":[{"href":"https:\/\/brfsorbyangen.se\/index.php?rest_route=\/wp\/v2\/types\/page"}],"author":[{"embeddable":true,"href":"https:\/\/brfsorbyangen.se\/index.php?rest_route=\/wp\/v2\/users\/2"}],"replies":[{"embeddable":true,"href":"https:\/\/brfsorbyangen.se\/index.php?rest_route=%2Fwp%2Fv2%2Fcomments&post=1611"}],"version-history":[{"count":24,"href":"https:\/\/brfsorbyangen.se\/index.php?rest_route=\/wp\/v2\/pages\/1611\/revisions"}],"predecessor-version":[{"id":1850,"href":"https:\/\/brfsorbyangen.se\/index.php?rest_route=\/wp\/v2\/pages\/1611\/revisions\/1850"}],"wp:attachment":[{"href":"https:\/\/brfsorbyangen.se\/index.php?rest_route=%2Fwp%2Fv2%2Fmedia&parent=1611"}],"curies":[{"name":"wp","href":"https:\/\/api.w.org\/{rel}","templated":true}]}}