{"id":1834,"date":"2026-03-20T08:39:47","date_gmt":"2026-03-20T08:39:47","guid":{"rendered":"https:\/\/brfsorbyangen.se\/?page_id=1834"},"modified":"2026-03-20T08:39:47","modified_gmt":"2026-03-20T08:39:47","slug":"bokning-av-gastparkeringen","status":"publish","type":"page","link":"https:\/\/brfsorbyangen.se\/?page_id=1834","title":{"rendered":"Bokning av g\u00e4stparkeringen"},"content":{"rendered":"\n<p><strong>G\u00e4stparkering \u2013 mellan plats 75 och milj\u00f6rummet finns det en plats som kan bokas p\u00e5 bokningstavlan p\u00e5 bottenv\u00e5ningen i nummer 59.<br>Av praktiska sk\u00e4l kan den endast bokas av dom medlemmar som hyr parkeringsplats p\u00e5 g\u00e5rden och d\u00e4rmed har en radiotagg till bommen och kommer in och ut fr\u00e5n parkeringen.<br>Den kan bokas dygnsvis mellan klockan 08 till 08 n\u00e4stkommande dag och en begr\u00e4nsning p\u00e5 max tre bokningar inom de n\u00e4rmaste 30 dagarna.<\/strong><\/p>\n","protected":false},"excerpt":{"rendered":"<p>G\u00e4stparkering \u2013 mellan plats 75 och milj\u00f6rummet finns det en plats som kan bokas p\u00e5 bokningstavlan p\u00e5 bottenv\u00e5ningen i nummer 59.Av praktiska sk\u00e4l kan den endast bokas av dom medlemmar som hyr parkeringsplats p\u00e5 g\u00e5rden och d\u00e4rmed har en radiotagg &hellip; <a href=\"https:\/\/brfsorbyangen.se\/?page_id=1834\">Forts\u00e4tt l\u00e4sa <span class=\"meta-nav\">&rarr;<\/span><\/a><\/p>\n","protected":false},"author":2,"featured_media":0,"parent":0,"menu_order":0,"comment_status":"closed","ping_status":"closed","template":"","meta":{"footnotes":""},"class_list":["post-1834","page","type-page","status-publish","hentry"],"_links":{"self":[{"href":"https:\/\/brfsorbyangen.se\/index.php?rest_route=\/wp\/v2\/pages\/1834","targetHints":{"allow":["GET"]}}],"collection":[{"href":"https:\/\/brfsorbyangen.se\/index.php?rest_route=\/wp\/v2\/pages"}],"about":[{"href":"https:\/\/brfsorbyangen.se\/index.php?rest_route=\/wp\/v2\/types\/page"}],"author":[{"embeddable":true,"href":"https:\/\/brfsorbyangen.se\/index.php?rest_route=\/wp\/v2\/users\/2"}],"replies":[{"embeddable":true,"href":"https:\/\/brfsorbyangen.se\/index.php?rest_route=%2Fwp%2Fv2%2Fcomments&post=1834"}],"version-history":[{"count":1,"href":"https:\/\/brfsorbyangen.se\/index.php?rest_route=\/wp\/v2\/pages\/1834\/revisions"}],"predecessor-version":[{"id":1835,"href":"https:\/\/brfsorbyangen.se\/index.php?rest_route=\/wp\/v2\/pages\/1834\/revisions\/1835"}],"wp:attachment":[{"href":"https:\/\/brfsorbyangen.se\/index.php?rest_route=%2Fwp%2Fv2%2Fmedia&parent=1834"}],"curies":[{"name":"wp","href":"https:\/\/api.w.org\/{rel}","templated":true}]}}