{"id":193,"date":"2018-08-15T08:41:33","date_gmt":"2018-08-15T08:41:33","guid":{"rendered":"https:\/\/brfsorbyangen.se\/?page_id=193"},"modified":"2024-03-11T13:56:10","modified_gmt":"2024-03-11T13:56:10","slug":"bredband-och-telefoni","status":"publish","type":"page","link":"https:\/\/brfsorbyangen.se\/?page_id=193","title":{"rendered":"Bredband och telefoni"},"content":{"rendered":"\n<p><strong>Fastigheten \u00e4r ansluten till Tele2 f\u00f6r b\u00e5de Internet och IP-telefoni.<br>Routern tillh\u00f6r l\u00e4genheten och eventuella digitalboxar ansvarar bostadsr\u00e4ttshavaren f\u00f6r och skall normalt avslutas vid en f\u00f6rs\u00e4ljning om man inte kommer \u00f6verens om annat med k\u00f6paren.<\/strong> <strong>Detta inneb\u00e4r vidare att ni som avg\u00e5ende respektive ny \u00e4gare av l\u00e4genheten m\u00e5ste meddela Tele2 om \u00e4garbytet<\/strong>.<\/p>\n\n\n\n<p><strong>Om du upplever problem med TV och\/eller Internet \u00e4r det Tele2 som du skall kontakta d\u00e5 det \u00e4r du som l\u00e4genhetsinnehavare som har relationen med dem och inte f\u00f6reningen.<\/strong><\/p>\n\n\n\n<p><strong>Ibland kan det vara d\u00e5lig mottagning inomhus f\u00f6r mobiltelefoner i fastigheter som v\u00e5r med mycket betong och armering av metall.<br>Det b\u00e4sta s\u00e4ttet att b\u00e4ttra p\u00e5 detta \u00e4r att anv\u00e4nda Wi-Fi-samtal inne i l\u00e4genheten, hur man konfigurerar detta \u00e4r beroende p\u00e5 vilken telefon man har. Vidare kan det l\u00f6na sig att testa olika st\u00e4llen inne i l\u00e4genheten att placera routern alternativt s\u00e4tta in en f\u00f6rst\u00e4rkare eller repeater.<\/strong><\/p>\n","protected":false},"excerpt":{"rendered":"<p>Fastigheten \u00e4r ansluten till Tele2 f\u00f6r b\u00e5de Internet och IP-telefoni.Routern tillh\u00f6r l\u00e4genheten och eventuella digitalboxar ansvarar bostadsr\u00e4ttshavaren f\u00f6r och skall normalt avslutas vid en f\u00f6rs\u00e4ljning om man inte kommer \u00f6verens om annat med k\u00f6paren. Detta inneb\u00e4r vidare att ni som &hellip; <a href=\"https:\/\/brfsorbyangen.se\/?page_id=193\">Forts\u00e4tt l\u00e4sa <span class=\"meta-nav\">&rarr;<\/span><\/a><\/p>\n","protected":false},"author":2,"featured_media":0,"parent":0,"menu_order":0,"comment_status":"closed","ping_status":"closed","template":"","meta":{"footnotes":""},"class_list":["post-193","page","type-page","status-publish","hentry"],"_links":{"self":[{"href":"https:\/\/brfsorbyangen.se\/index.php?rest_route=\/wp\/v2\/pages\/193","targetHints":{"allow":["GET"]}}],"collection":[{"href":"https:\/\/brfsorbyangen.se\/index.php?rest_route=\/wp\/v2\/pages"}],"about":[{"href":"https:\/\/brfsorbyangen.se\/index.php?rest_route=\/wp\/v2\/types\/page"}],"author":[{"embeddable":true,"href":"https:\/\/brfsorbyangen.se\/index.php?rest_route=\/wp\/v2\/users\/2"}],"replies":[{"embeddable":true,"href":"https:\/\/brfsorbyangen.se\/index.php?rest_route=%2Fwp%2Fv2%2Fcomments&post=193"}],"version-history":[{"count":18,"href":"https:\/\/brfsorbyangen.se\/index.php?rest_route=\/wp\/v2\/pages\/193\/revisions"}],"predecessor-version":[{"id":1609,"href":"https:\/\/brfsorbyangen.se\/index.php?rest_route=\/wp\/v2\/pages\/193\/revisions\/1609"}],"wp:attachment":[{"href":"https:\/\/brfsorbyangen.se\/index.php?rest_route=%2Fwp%2Fv2%2Fmedia&parent=193"}],"curies":[{"name":"wp","href":"https:\/\/api.w.org\/{rel}","templated":true}]}}