{"id":22,"date":"2018-07-08T09:28:17","date_gmt":"2018-07-08T09:28:17","guid":{"rendered":"https:\/\/brfsorbyangen.se\/?page_id=22"},"modified":"2020-07-29T16:54:01","modified_gmt":"2020-07-29T16:54:01","slug":"ny-sida","status":"publish","type":"page","link":"https:\/\/brfsorbyangen.se\/?page_id=22","title":{"rendered":"GDPR"},"content":{"rendered":"<h1><strong>GDPR &#8211; information till alla medlemmar<p><\/p><\/strong><\/h1>\n\n\n<\/strong><\/h1>\n<figure class=\"wp-block-image is-resized\"><img loading=\"lazy\" decoding=\"async\" class=\"wp-image-204\" src=\"https:\/\/brfsorbyangen.se\/wp-content\/uploads\/2018\/08\/GDPR.png\" alt=\"\" width=\"192\" height=\"96\" srcset=\"https:\/\/brfsorbyangen.se\/wp-content\/uploads\/2018\/08\/GDPR.png 318w, https:\/\/brfsorbyangen.se\/wp-content\/uploads\/2018\/08\/GDPR-300x150.png 300w\" sizes=\"auto, (max-width: 192px) 100vw, 192px\" \/><\/figure>\n<h1><strong>\n\n\n<p>\n<\/p><p>Den 25 maj 2018 tr\u00e4dde nya europeiska best\u00e4mmelser i kraft ang\u00e5ende personuppgifter, GDPR, vilka tillf\u00f6r nya r\u00e4ttigheter till de redan existerande svenska best\u00e4mmelserna. Dessa nya best\u00e4mmelser g\u00f6r det m\u00f6jligt att ut\u00f6va mer kontroll \u00f6ver dina personuppgifter n\u00e4r det g\u00e4ller hur de insamlas, anv\u00e4nds och sparas.<br>\nP\u00e5 bostadsr\u00e4ttsf\u00f6reningen S\u00f6rby\u00e4ngen vet vi att sekretess och skydd av personlig information \u00e4r mycket viktigt .Vi vill d\u00e4rf\u00f6r kontakta dig f\u00f6r att n\u00e4rmare f\u00f6rklara vad som g\u00e4ller och ge dig m\u00f6jlighet att best\u00e4mma hur du vill att vi behandlar dina personuppgifter.<br>\nVi har ett utsett dataskyddsombud &#8211; ansvarig f\u00f6r GDPR i v\u00e5r f\u00f6rening \u00e4r den som \u00e4r ordf\u00f6rande i f\u00f6reningens <a href=\"https:\/\/brfsorbyangen.se\/?page_id=52\">styrelse<\/a>.<\/p>\n<hr>\n<p>Du har f\u00f6ljande r\u00e4ttigheter \u00f6ver dina personuppgifter:<br>\n<em>R\u00c4TT TILL TILLG\u00c5NG<\/em>&nbsp;till de personliga uppgifter f\u00f6reningen har sparade om dig.<br>\n<em>R\u00c4TT ATT \u00c4NDRA&nbsp;<\/em>dina personliga uppgifter.<br>\n<em>R\u00c4TT ATT UPPH\u00c4VA<\/em>&nbsp;dina personliga uppgifter. R\u00e4tt till annullering.<br>\n<em>R\u00c4TT ATT BEGR\u00c4NSA F\u00d6RENINGENS ANV\u00c4NDANDE<\/em>&nbsp;av dina personliga uppgifter, i vilket fall vi endast sparar dem om det blir aktuellt med reklamation.<br>\n<em>R\u00c4TT ATT MOTS\u00c4TTA&nbsp;<\/em>dig anv\u00e4ndandet av dina personliga uppgifter f\u00f6r andra \u00e4ndam\u00e5l \u00e4n de som inkluderas i avtalsf\u00f6rh\u00e5llandet.<br>\n<em>R\u00c4TT ATT \u00c5TERKALLA MEDGIVANDE<\/em>&nbsp;r\u00e4tten att att \u00e5terkalla vilket som helst av de medgivanden som du tidigare givit oss f\u00f6r att hantera personlig information.<br>\n<em>R\u00c4TT TILL DATAPORTABILITET.<\/em> Att erh\u00e5lla en datafil med dina personliga uppgifter f\u00f6r eget bruk eller f\u00f6r att vidarebefordra den till tredje part.<\/p>","protected":false},"excerpt":{"rendered":"<p>GDPR &#8211; information till alla medlemmar Den 25 maj 2018 tr\u00e4dde nya europeiska best\u00e4mmelser i kraft ang\u00e5ende personuppgifter, GDPR, vilka tillf\u00f6r nya r\u00e4ttigheter till de redan existerande svenska best\u00e4mmelserna. Dessa nya best\u00e4mmelser g\u00f6r det m\u00f6jligt att ut\u00f6va mer kontroll \u00f6ver &hellip; <a href=\"https:\/\/brfsorbyangen.se\/?page_id=22\">Forts\u00e4tt l\u00e4sa <span class=\"meta-nav\">&rarr;<\/span><\/a><\/p>\n","protected":false},"author":1,"featured_media":139,"parent":0,"menu_order":0,"comment_status":"closed","ping_status":"closed","template":"","meta":{"footnotes":""},"class_list":["post-22","page","type-page","status-publish","has-post-thumbnail","hentry"],"_links":{"self":[{"href":"https:\/\/brfsorbyangen.se\/index.php?rest_route=\/wp\/v2\/pages\/22","targetHints":{"allow":["GET"]}}],"collection":[{"href":"https:\/\/brfsorbyangen.se\/index.php?rest_route=\/wp\/v2\/pages"}],"about":[{"href":"https:\/\/brfsorbyangen.se\/index.php?rest_route=\/wp\/v2\/types\/page"}],"author":[{"embeddable":true,"href":"https:\/\/brfsorbyangen.se\/index.php?rest_route=\/wp\/v2\/users\/1"}],"replies":[{"embeddable":true,"href":"https:\/\/brfsorbyangen.se\/index.php?rest_route=%2Fwp%2Fv2%2Fcomments&post=22"}],"version-history":[{"count":19,"href":"https:\/\/brfsorbyangen.se\/index.php?rest_route=\/wp\/v2\/pages\/22\/revisions"}],"predecessor-version":[{"id":961,"href":"https:\/\/brfsorbyangen.se\/index.php?rest_route=\/wp\/v2\/pages\/22\/revisions\/961"}],"wp:featuredmedia":[{"embeddable":true,"href":"https:\/\/brfsorbyangen.se\/index.php?rest_route=\/wp\/v2\/media\/139"}],"wp:attachment":[{"href":"https:\/\/brfsorbyangen.se\/index.php?rest_route=%2Fwp%2Fv2%2Fmedia&parent=22"}],"curies":[{"name":"wp","href":"https:\/\/api.w.org\/{rel}","templated":true}]}}