{"id":26,"date":"2018-07-08T09:29:50","date_gmt":"2018-07-08T09:29:50","guid":{"rendered":"https:\/\/brfsorbyangen.se\/?page_id=26"},"modified":"2026-01-31T13:55:13","modified_gmt":"2026-01-31T13:55:13","slug":"dokument","status":"publish","type":"page","link":"https:\/\/brfsorbyangen.se\/?page_id=26","title":{"rendered":"Dokument och hj\u00e4lp"},"content":{"rendered":"\n<p><strong><a href=\"https:\/\/brfsorbyangen.se\/wp-content\/uploads\/2018\/08\/R-51.1-001.pdf\" target=\"_blank\" rel=\"noopener noreferrer\">Markritning \u00f6ver fastigheten<\/a><br><a href=\"https:\/\/brfsorbyangen.se\/wp-content\/uploads\/2020\/08\/Parkeringsplatser-So\u0308rbya\u0308ngen.pdf\" target=\"_blank\" rel=\"noopener noreferrer\">Karta \u00f6ver parkeringsplatserna<\/a><\/strong><br><strong><br><a href=\"https:\/\/brfsorbyangen.se\/wp-content\/uploads\/2021\/04\/Info-om-inpasseringssystem.pdf\" target=\"_blank\" rel=\"noopener\">Info om inpasseringssystemet<\/a><\/strong><br><strong><br><a href=\"https:\/\/brfsorbyangen.se\/wp-content\/uploads\/2022\/07\/Bruksanvisning_v2.07_SE.pdf\" data-type=\"URL\" data-id=\"https:\/\/brfsorbyangen.se\/wp-content\/uploads\/2022\/07\/Bruksanvisning_v2.07_SE.pdf\" target=\"_blank\" rel=\"noreferrer noopener\">Manual till elbilsladdning<\/a><\/strong><br><strong><br><a href=\"https:\/\/brfsorbyangen.se\/wp-content\/uploads\/2020\/11\/Fa%CC%88rger-i-de-olika-uppga%CC%8Angarna-Karlsdalsallen.pdf\" target=\"_blank\" rel=\"noreferrer noopener\">F\u00e4rger och f\u00e4rgkoder i l\u00e4genheterna<\/a><br><br><a href=\"https:\/\/brfsorbyangen.se\/wp-content\/uploads\/2021\/01\/Ekonomisk-plan-769629-5422.pdf\">Ekonomisk plan f\u00f6r f\u00f6reningen<\/a><\/strong><br><a href=\"https:\/\/brfsorbyangen.se\/wp-content\/uploads\/2025\/06\/Stadgar.pdf\"><strong>Stadgar f\u00f6r f\u00f6reningen<\/strong><br><\/a><br><em>\u00c5rsredovisningar<\/em><strong><br><a href=\"https:\/\/brfsorbyangen.se\/wp-content\/uploads\/2022\/09\/A\u030arsredovisning-2022-med-underskrifter.pdf\" target=\"_blank\" rel=\"noreferrer noopener\">\u00c5rsredovisning 2021<\/a><\/strong><br><strong><a href=\"https:\/\/brfsorbyangen.se\/wp-content\/uploads\/2023\/05\/A\u030arsredovisning-2022-Brf-So\u0308rbya\u0308ngen.pdf\" target=\"_blank\" rel=\"noreferrer noopener\">\u00c5rsredovisning 2022<\/a><\/strong><br><a href=\"https:\/\/brfsorbyangen.se\/wp-content\/uploads\/2025\/06\/Arsredovisning-2023.pdf\"><strong>\u00c5rsredovisning 2023<\/strong><\/a><br><strong><a href=\"https:\/\/brfsorbyangen.se\/wp-content\/uploads\/2025\/06\/Arsredovisning-2024.pdf\">\u00c5rsredovisning 2024<\/a><br><br><\/strong><\/p>\n\n\n\n<p><\/p>\n","protected":false},"excerpt":{"rendered":"<p>Markritning \u00f6ver fastighetenKarta \u00f6ver parkeringsplatsernaInfo om inpasseringssystemetManual till elbilsladdningF\u00e4rger och f\u00e4rgkoder i l\u00e4genheterna Ekonomisk plan f\u00f6r f\u00f6reningenStadgar f\u00f6r f\u00f6reningen\u00c5rsredovisningar\u00c5rsredovisning 2021\u00c5rsredovisning 2022\u00c5rsredovisning 2023\u00c5rsredovisning 2024<\/p>\n","protected":false},"author":1,"featured_media":0,"parent":0,"menu_order":0,"comment_status":"closed","ping_status":"closed","template":"","meta":{"footnotes":""},"class_list":["post-26","page","type-page","status-publish","hentry"],"_links":{"self":[{"href":"https:\/\/brfsorbyangen.se\/index.php?rest_route=\/wp\/v2\/pages\/26","targetHints":{"allow":["GET"]}}],"collection":[{"href":"https:\/\/brfsorbyangen.se\/index.php?rest_route=\/wp\/v2\/pages"}],"about":[{"href":"https:\/\/brfsorbyangen.se\/index.php?rest_route=\/wp\/v2\/types\/page"}],"author":[{"embeddable":true,"href":"https:\/\/brfsorbyangen.se\/index.php?rest_route=\/wp\/v2\/users\/1"}],"replies":[{"embeddable":true,"href":"https:\/\/brfsorbyangen.se\/index.php?rest_route=%2Fwp%2Fv2%2Fcomments&post=26"}],"version-history":[{"count":77,"href":"https:\/\/brfsorbyangen.se\/index.php?rest_route=\/wp\/v2\/pages\/26\/revisions"}],"predecessor-version":[{"id":1820,"href":"https:\/\/brfsorbyangen.se\/index.php?rest_route=\/wp\/v2\/pages\/26\/revisions\/1820"}],"wp:attachment":[{"href":"https:\/\/brfsorbyangen.se\/index.php?rest_route=%2Fwp%2Fv2%2Fmedia&parent=26"}],"curies":[{"name":"wp","href":"https:\/\/api.w.org\/{rel}","templated":true}]}}