{"id":269,"date":"2018-09-02T08:46:25","date_gmt":"2018-09-02T08:46:25","guid":{"rendered":"https:\/\/brfsorbyangen.se\/?page_id=269"},"modified":"2025-11-24T08:56:34","modified_gmt":"2025-11-24T08:56:34","slug":"trivselregler-for-brf-sorbyangen","status":"publish","type":"page","link":"https:\/\/brfsorbyangen.se\/?page_id=269","title":{"rendered":"Trivselregler f\u00f6r Brf S\u00f6rby\u00e4ngen"},"content":{"rendered":"\n<p class=\"has-text-align-justify\"><img loading=\"lazy\" decoding=\"async\" width=\"150\" height=\"71\" class=\"wp-image-904\" style=\"width: 150px;\" src=\"https:\/\/brfsorbyangen.se\/wp-content\/uploads\/2020\/06\/trivselregler.png\" alt=\"\" srcset=\"https:\/\/brfsorbyangen.se\/wp-content\/uploads\/2020\/06\/trivselregler.png 632w, https:\/\/brfsorbyangen.se\/wp-content\/uploads\/2020\/06\/trivselregler-300x142.png 300w, https:\/\/brfsorbyangen.se\/wp-content\/uploads\/2020\/06\/trivselregler-500x237.png 500w\" sizes=\"auto, (max-width: 150px) 100vw, 150px\" \/>  <strong><em>V\u00e5r m\u00e5ls\u00e4ttning i f\u00f6reningen \u00e4r att h\u00e5lla en god standard i och runt fastigheten. Som ett led i detta vill vi ha tydliga och klara regler. Vi hoppas att du som medlem v\u00e4rdes\u00e4tter detta<\/em><\/strong>.<\/p>\n\n\n\n<ul class=\"wp-block-list\">\n<li>R\u00f6kning \u00e4r ej till\u00e5ten i allm\u00e4nna utrymmen. R\u00f6kning p\u00e5 balkong f\u00e5r endast ske om det ej \u00e4r st\u00f6rande f\u00f6r grannar. Personer som \u00f6nskar r\u00f6ka \u00e4r h\u00e4nvisade till allm\u00e4n gatu- eller parkmark.<\/li>\n\n\n\n<li>Medlemmen f\u00f6rbinder sig att ha en m\u00e5ttlig ljudniv\u00e5 p\u00e5 musik och ljudanl\u00e4ggningar dygnet runt. Vid fest eller dylikt informerar medlemmen sina grannar i f\u00f6rv\u00e4g. Policyn i f\u00f6reningen \u00e4r att det skall vara tyst i fastigheten efter klockan 22.00. Skulle detta inte vara fallet finns alltid m\u00f6jligheten att den som upplever sig som st\u00f6rd ringer Avarn som har en st\u00f6rningsjour &#8211; <a href=\"https:\/\/brfsorbyangen.se\/?page_id=1420\">se l\u00e4nk h\u00e4r<\/a><\/li>\n\n\n\n<li>F\u00f6reningen \u00e4r \u00f6verens om att cyklar alltid skall placeras i de cykelst\u00e4ll som finns. Det \u00e4r absolut f\u00f6rbjudet att f\u00f6rvara cykeln i trapphusen. F\u00f6reningen har r\u00e4tt att debitera 500 kronor inklusive moms f\u00f6r bortforsling av cykel som st\u00e5r i trapphus eller ej placerad i de cykelst\u00e4ll som finns.<\/li>\n\n\n\n<li>Medlem f\u00f6rbinder sig att inte l\u00e4gga sopp\u00e5sar utanf\u00f6r d\u00f6rren eller p\u00e5 balkong eller uteplats d\u00e5 detta kan medf\u00f6ra fl\u00e4ckar p\u00e5 golv. F\u00f6reningen har r\u00e4tt att ta ut en kostnad p\u00e5 500 kronor inklusive moms f\u00f6r leverans av sopp\u00e5se fr\u00e5n trapphus till soprum.<\/li>\n\n\n\n<li>Medlemmen f\u00f6rbinder sig att placera \u00e5tervinningsavfall i avsedda beh\u00e5llare i soprummen p\u00e5 g\u00e5rden. Grovsopor som ej har avsedd plats i soprummen m\u00e5ste medlemmen sj\u00e4lv transportera till avfallsanl\u00e4ggning och f\u00e5r f\u00f6ljaktligen ej st\u00e4llas i soprummen.<\/li>\n\n\n\n<li>Medlemmen f\u00f6rbinder sig att inte utan f\u00f6reningens tillst\u00e5nd s\u00e4tta upp skyltar eller papperslappar utanf\u00f6r tamburd\u00f6rren. Skyltar med texten &#8221;Ingen reklam tack&#8221; samt nya namnskyltar g\u00e5r att best\u00e4lla ifr\u00e5n f\u00f6reningen mot en avgift.<\/li>\n\n\n\n<li>Medlem f\u00f6rbinder sig att inte s\u00e4tta upp parabolantenn eller andra saker i fasad utan f\u00f6reningens tillst\u00e5nd.<\/li>\n\n\n\n<li>Medlemmen f\u00f6rbinder sig att inte g\u00f6ra kopior av nycklar utan f\u00f6reningens tillst\u00e5nd.<\/li>\n\n\n\n<li>Markiser, balkongskydd och dylikt skall f\u00f6lja f\u00e4rganvisning ifr\u00e5n v\u00e5r f\u00f6rening. F\u00f6reningen har en h\u00f6g ambition f\u00f6r fastighetens fasader och detta \u00e4r en del i detta med en enhetlig f\u00e4rgs\u00e4ttning. Den f\u00e4rgkod som skall anv\u00e4ndas heter <a href=\"https:\/\/www.dickson-eshop.com\/en\/orchestra-beige-8902.html\" target=\"_blank\" rel=\"noreferrer noopener\">8902 Beige<\/a> &#8211; kontakta f\u00f6reningen f\u00f6r info.<\/li>\n\n\n\n<li>Medlemmen kan att teckna hemf\u00f6rs\u00e4kring med bostadsr\u00e4ttstill\u00e4gg, dock har f\u00f6reningen tecknat detta till\u00e4gg i den gemensamma f\u00f6rs\u00e4kringen.<\/li>\n\n\n\n<li>F\u00f6r allas trevnad \u00e4r det f\u00f6rbjudet att rasta hundar p\u00e5 gr\u00e4smattor eller andra ytor tillh\u00f6rande fastigheten.<\/li>\n\n\n\n<li>Medlem \u00e4r skyldig att betala jourutryckningskostnad som beror p\u00e5 st\u00f6rningar, skador eller andra problem som medlem eller dennes egendom gett upphov till.<\/li>\n\n\n\n<li>Grillning p\u00e5 balkong \u00e4r endast till\u00e5ten med el- eller gasolgrill. Detta g\u00e4ller ej om balkongen \u00e4r inglasad med glasen st\u00e4ngda, d\u00e5 totalf\u00f6rbud mot grillning r\u00e5der. Grillning p\u00e5 balkong eller vid uteplats skall ske under f\u00f6ruts\u00e4ttning att grannarna ej st\u00f6rs av detta. P\u00e5 bottenplan \u00f6nskar vi att grillning skall ske minst fem meter fr\u00e5n husen f\u00f6r att inte r\u00f6k och os skall st\u00f6ra de ovanf\u00f6r.<\/li>\n<\/ul>\n","protected":false},"excerpt":{"rendered":"<p>V\u00e5r m\u00e5ls\u00e4ttning i f\u00f6reningen \u00e4r att h\u00e5lla en god standard i och runt fastigheten. Som ett led i detta vill vi ha tydliga och klara regler. Vi hoppas att du som medlem v\u00e4rdes\u00e4tter detta.<\/p>\n","protected":false},"author":2,"featured_media":0,"parent":0,"menu_order":0,"comment_status":"closed","ping_status":"closed","template":"","meta":{"footnotes":""},"class_list":["post-269","page","type-page","status-publish","hentry"],"_links":{"self":[{"href":"https:\/\/brfsorbyangen.se\/index.php?rest_route=\/wp\/v2\/pages\/269","targetHints":{"allow":["GET"]}}],"collection":[{"href":"https:\/\/brfsorbyangen.se\/index.php?rest_route=\/wp\/v2\/pages"}],"about":[{"href":"https:\/\/brfsorbyangen.se\/index.php?rest_route=\/wp\/v2\/types\/page"}],"author":[{"embeddable":true,"href":"https:\/\/brfsorbyangen.se\/index.php?rest_route=\/wp\/v2\/users\/2"}],"replies":[{"embeddable":true,"href":"https:\/\/brfsorbyangen.se\/index.php?rest_route=%2Fwp%2Fv2%2Fcomments&post=269"}],"version-history":[{"count":16,"href":"https:\/\/brfsorbyangen.se\/index.php?rest_route=\/wp\/v2\/pages\/269\/revisions"}],"predecessor-version":[{"id":1807,"href":"https:\/\/brfsorbyangen.se\/index.php?rest_route=\/wp\/v2\/pages\/269\/revisions\/1807"}],"wp:attachment":[{"href":"https:\/\/brfsorbyangen.se\/index.php?rest_route=%2Fwp%2Fv2%2Fmedia&parent=269"}],"curies":[{"name":"wp","href":"https:\/\/api.w.org\/{rel}","templated":true}]}}