{"id":275,"date":"2018-09-02T08:53:07","date_gmt":"2018-09-02T08:53:07","guid":{"rendered":"https:\/\/brfsorbyangen.se\/?page_id=275"},"modified":"2025-11-24T08:50:57","modified_gmt":"2025-11-24T08:50:57","slug":"nycklar-och-taggar","status":"publish","type":"page","link":"https:\/\/brfsorbyangen.se\/?page_id=275","title":{"rendered":"Nycklar och taggar"},"content":{"rendered":"\n<p><strong>Behov av fler nycklar eller taggar hanteras av styrelsen. Nyckelbest\u00e4llningen godk\u00e4nns senare av f\u00f6reningen. N\u00e4r detta \u00e4r klart kan du sj\u00e4lv h\u00e4mta upp dina nycklar\/taggar p\u00e5 <a href=\"http:\/\/www.lassakerhet.se\" target=\"_blank\" rel=\"noreferrer noopener\">L\u00e5s och S\u00e4kerhet <\/a>nere p\u00e5 Holmen.<br>Det \u00e4r samtidigt dom som vet hur m\u00e5nga nycklar det \u00e4r uttaget till respektive l\u00e4genhet.<\/strong><\/p>\n\n\n\n<p><strong><a rel=\"noreferrer noopener\" href=\"https:\/\/brfsorbyangen.se\/wp-content\/uploads\/2021\/05\/Anva\u0308ndarinstruktion-Axema-VAKA.pdf\" target=\"_blank\">H\u00e4r finns en instruktion om anv\u00e4ndningen av taggarna och porttelefonen.<\/a> Kontrollera att det \u00e4r r\u00e4tt namn i porttelefonen och att den ringer upp r\u00e4tt mobilnummer &#8211; allt detta kr\u00e4vs f\u00f6r att systemet skall fungera. Skulle det inte vara r\u00e4tt skall detta felanm\u00e4las till v\u00e5r f\u00f6rvaltare som kan \u00e4ndra detta. <\/strong><br><strong>F\u00f6rsta g\u00e5ngen du anv\u00e4nder taggen fr\u00e5gar den efter PIN-kod &#8211; s\u00e4tt vilken kod som helst, repetera samma kod en g\u00e5ng till. Sedan beh\u00f6ver du aldrig anv\u00e4nda denna PIN-kod mer.<\/strong><\/p>\n","protected":false},"excerpt":{"rendered":"<p>Behov av fler nycklar eller taggar hanteras av styrelsen. Nyckelbest\u00e4llningen godk\u00e4nns senare av f\u00f6reningen. N\u00e4r detta \u00e4r klart kan du sj\u00e4lv h\u00e4mta upp dina nycklar\/taggar p\u00e5 L\u00e5s och S\u00e4kerhet nere p\u00e5 Holmen.Det \u00e4r samtidigt dom som vet hur m\u00e5nga nycklar &hellip; <a href=\"https:\/\/brfsorbyangen.se\/?page_id=275\">Forts\u00e4tt l\u00e4sa <span class=\"meta-nav\">&rarr;<\/span><\/a><\/p>\n","protected":false},"author":2,"featured_media":0,"parent":0,"menu_order":0,"comment_status":"closed","ping_status":"closed","template":"","meta":{"footnotes":""},"class_list":["post-275","page","type-page","status-publish","hentry"],"_links":{"self":[{"href":"https:\/\/brfsorbyangen.se\/index.php?rest_route=\/wp\/v2\/pages\/275","targetHints":{"allow":["GET"]}}],"collection":[{"href":"https:\/\/brfsorbyangen.se\/index.php?rest_route=\/wp\/v2\/pages"}],"about":[{"href":"https:\/\/brfsorbyangen.se\/index.php?rest_route=\/wp\/v2\/types\/page"}],"author":[{"embeddable":true,"href":"https:\/\/brfsorbyangen.se\/index.php?rest_route=\/wp\/v2\/users\/2"}],"replies":[{"embeddable":true,"href":"https:\/\/brfsorbyangen.se\/index.php?rest_route=%2Fwp%2Fv2%2Fcomments&post=275"}],"version-history":[{"count":17,"href":"https:\/\/brfsorbyangen.se\/index.php?rest_route=\/wp\/v2\/pages\/275\/revisions"}],"predecessor-version":[{"id":1803,"href":"https:\/\/brfsorbyangen.se\/index.php?rest_route=\/wp\/v2\/pages\/275\/revisions\/1803"}],"wp:attachment":[{"href":"https:\/\/brfsorbyangen.se\/index.php?rest_route=%2Fwp%2Fv2%2Fmedia&parent=275"}],"curies":[{"name":"wp","href":"https:\/\/api.w.org\/{rel}","templated":true}]}}