{"id":30,"date":"2018-07-08T09:31:21","date_gmt":"2018-07-08T09:31:21","guid":{"rendered":"https:\/\/brfsorbyangen.se\/?page_id=30"},"modified":"2026-03-20T08:45:16","modified_gmt":"2026-03-20T08:45:16","slug":"for-oss-medlemmar","status":"publish","type":"page","link":"https:\/\/brfsorbyangen.se\/?page_id=30","title":{"rendered":"F\u00f6r oss medlemmar &#8211; diverse info"},"content":{"rendered":"<p><strong>Bokningar<br \/><\/strong><strong><a style=\"font-size: inherit;\" href=\"https:\/\/brfsorbyangen.se\/?page_id=617\" target=\"_blank\" rel=\"noopener noreferrer\">Bokning av orangeriet<\/a><br \/><\/strong><strong><a href=\"https:\/\/brfsorbyangen.se\/?page_id=926\">Bokning av \u00f6vernattningsrummet<\/a><br \/><a href=\"https:\/\/brfsorbyangen.se\/?page_id=1834\">Bokning av g\u00e4stparkeringen<\/a><\/strong><\/p>\n<p><strong>Info och rutiner<br \/><\/strong><strong><a href=\"https:\/\/brfsorbyangen.se\/?page_id=269\">Trivselregler<\/a><br \/><a href=\"https:\/\/brfsorbyangen.se\/?page_id=362\">Andrahandsuthyrning<\/a><br \/><a href=\"https:\/\/brfsorbyangen.se\/?page_id=1439\">Gr\u00e4nsdragningslista<\/a><br \/><a href=\"https:\/\/brfsorbyangen.se\/?page_id=382\">Renovering och ombyggnad i l\u00e4genheten<\/a><br \/><a href=\"https:\/\/brfsorbyangen.se\/?page_id=184\">Felanm\u00e4lan<\/a><br \/><a href=\"https:\/\/brfsorbyangen.se\/?page_id=1420\">St\u00f6rningar<\/a><br \/><a href=\"https:\/\/brfsorbyangen.se\/?page_id=369\">Parkeringsplatser, felaktiga parkerade bilar och bommen<\/a><br \/><a href=\"https:\/\/brfsorbyangen.se\/?page_id=790\">Markiser<\/a><br \/><a href=\"https:\/\/brfsorbyangen.se\/wp-content\/uploads\/2020\/04\/nyttjanderattsavtal.pdf\" target=\"_blank\" rel=\"noopener noreferrer\">Utbyggnad av altan<\/a><br \/><a href=\"https:\/\/brfsorbyangen.se\/?page_id=547&amp;preview=true\">Inglasning<\/a><br \/><a href=\"https:\/\/brfsorbyangen.se\/wp-content\/uploads\/2020\/09\/Tamarinden-Planbeskrivning.pdf\" target=\"_blank\" rel=\"noopener noreferrer\">Info om grannkvarteret Tamarinden<\/a><br \/><a href=\"http:\/\/brf-nytt.se\/jag-vill-ge-en-bostadsratt-till-mitt-barn-vad-galler\">Att ge bort sin bostadsr\u00e4tt (eller en del av den) till barn<\/a><br \/><a href=\"https:\/\/brfsorbyangen.se\/wp-content\/uploads\/2020\/11\/Fa\u0308rger-i-de-olika-uppga\u030angarna-Karlsdalsallen.pdf\" target=\"_blank\" rel=\"noopener noreferrer\">F\u00e4rger och f\u00e4rgkoder till l\u00e4genheterna<\/a><br \/><a href=\"https:\/\/brfsorbyangen.se\/wp-content\/uploads\/2021\/01\/skotselanvisning-easy-vent-for-lagenhetsinnehavare.pdf\" target=\"_blank\" rel=\"noopener\">Sk\u00f6tselanvisning filter till l\u00e4genheterna<\/a><br \/><a href=\"https:\/\/brfsorbyangen.se\/?page_id=1154\">Vad inneb\u00e4r det att bo i en bostadsr\u00e4tt?<\/a><br \/><a href=\"https:\/\/brfsorbyangen.se\/?page_id=1158\">Lagtexter och f\u00f6rordningar som ber\u00f6r bostadsr\u00e4ttsf\u00f6reningar<\/a><br \/><a href=\"https:\/\/brfsorbyangen.se\/?page_id=1151\">R\u00f6kning &#8211; vad g\u00e4ller?<\/a><\/strong><\/p>\n<p><strong>Diverse<br \/><\/strong><strong><a href=\"https:\/\/brfsorbyangen.se\/?page_id=120\">Snabbfakta om f\u00f6reningen<\/a><br \/><a href=\"https:\/\/brfsorbyangen.se\/?page_id=1000\">L\u00e5na verktyg<\/a><br \/><a href=\"https:\/\/brfsorbyangen.se\/?page_id=501\">Sotning<\/a><br \/><\/strong><strong><a href=\"https:\/\/brfsorbyangen.se\/?page_id=181\">F\u00f6rs\u00e4kring och skadedjursbek\u00e4mpning<\/a><br \/><\/strong><strong><a href=\"https:\/\/brfsorbyangen.se\/?page_id=275\">Nycklar och taggar<\/a><br \/><\/strong><strong><a href=\"https:\/\/brfsorbyangen.se\/?page_id=22\">GDPR<\/a><br \/><\/strong><strong><a href=\"https:\/\/brfsorbyangen.se\/?page_id=193\">TV, bredband och telefoni<\/a><\/strong><strong><br \/><\/strong><strong><a href=\"https:\/\/brfsorbyangen.se\/?page_id=543\" target=\"_blank\" rel=\"noopener noreferrer\">Tr\u00e5dl\u00f6st Internet p\u00e5 innerg\u00e5rden<\/a><br \/><a href=\"https:\/\/brfsorbyangen.se\/?page_id=1593\">Hyresg\u00e4ster<\/a><\/strong><\/p>\n\n\n<p><\/p>\n","protected":false},"excerpt":{"rendered":"<p>BokningarBokning av orangerietBokning av \u00f6vernattningsrummetBokning av g\u00e4stparkeringen Info och rutinerTrivselreglerAndrahandsuthyrningGr\u00e4nsdragningslistaRenovering och ombyggnad i l\u00e4genhetenFelanm\u00e4lanSt\u00f6rningarParkeringsplatser, felaktiga parkerade bilar och bommenMarkiserUtbyggnad av altanInglasningInfo om grannkvarteret TamarindenAtt ge bort sin bostadsr\u00e4tt (eller en del av den) till barnF\u00e4rger och f\u00e4rgkoder till l\u00e4genheternaSk\u00f6tselanvisning filter &hellip; <a href=\"https:\/\/brfsorbyangen.se\/?page_id=30\">Forts\u00e4tt l\u00e4sa <span class=\"meta-nav\">&rarr;<\/span><\/a><\/p>\n","protected":false},"author":1,"featured_media":0,"parent":0,"menu_order":0,"comment_status":"closed","ping_status":"closed","template":"","meta":{"footnotes":""},"class_list":["post-30","page","type-page","status-publish","hentry"],"_links":{"self":[{"href":"https:\/\/brfsorbyangen.se\/index.php?rest_route=\/wp\/v2\/pages\/30","targetHints":{"allow":["GET"]}}],"collection":[{"href":"https:\/\/brfsorbyangen.se\/index.php?rest_route=\/wp\/v2\/pages"}],"about":[{"href":"https:\/\/brfsorbyangen.se\/index.php?rest_route=\/wp\/v2\/types\/page"}],"author":[{"embeddable":true,"href":"https:\/\/brfsorbyangen.se\/index.php?rest_route=\/wp\/v2\/users\/1"}],"replies":[{"embeddable":true,"href":"https:\/\/brfsorbyangen.se\/index.php?rest_route=%2Fwp%2Fv2%2Fcomments&post=30"}],"version-history":[{"count":79,"href":"https:\/\/brfsorbyangen.se\/index.php?rest_route=\/wp\/v2\/pages\/30\/revisions"}],"predecessor-version":[{"id":1837,"href":"https:\/\/brfsorbyangen.se\/index.php?rest_route=\/wp\/v2\/pages\/30\/revisions\/1837"}],"wp:attachment":[{"href":"https:\/\/brfsorbyangen.se\/index.php?rest_route=%2Fwp%2Fv2%2Fmedia&parent=30"}],"curies":[{"name":"wp","href":"https:\/\/api.w.org\/{rel}","templated":true}]}}