{"id":47,"date":"2018-07-11T08:52:49","date_gmt":"2018-07-11T08:52:49","guid":{"rendered":"https:\/\/brfsorbyangen.se\/?page_id=47"},"modified":"2025-06-08T09:11:43","modified_gmt":"2025-06-08T09:11:43","slug":"vanligt-forekommande-fragor","status":"publish","type":"page","link":"https:\/\/brfsorbyangen.se\/?page_id=47","title":{"rendered":"Vanliga fr\u00e5gor"},"content":{"rendered":"<p><img loading=\"lazy\" decoding=\"async\" class=\"alignnone  wp-image-780\" src=\"https:\/\/brfsorbyangen.se\/wp-content\/uploads\/2020\/04\/Fra\u030agor-Umara-Prestera-Mera-1080x675-1-300x188.png\" alt=\"\" width=\"171\" height=\"111\" \/><\/p>\n<p><strong>Fr\u00e5ga<\/strong>: Vad \u00e4r \u00f6verl\u00e5telseavgiften och vem debiteras?<br \/><strong>Svar<\/strong>: \u00d6verl\u00e5telseavgift, 2,5 % av g\u00e4llande prisbasbelopp och\u00a0debiteras k\u00f6paren.<\/p>\n<hr \/>\n<p><strong>Fr\u00e5ga<\/strong>: Vad \u00e4r pants\u00e4ttningsavgiften och vem debiteras?<br \/><strong>Svar<\/strong>: Pants\u00e4ttningsavgift, 1 % av g\u00e4llande prisbasbelopp, debiteras per pant (g\u00e4ller \u00e4ven vid \u00f6verl\u00e5telse d\u00e4r k\u00f6paren debiteras).<\/p>\n<hr \/>\n<p><strong>Fr\u00e5ga<\/strong>: Vad ing\u00e5r i m\u00e5nadsavgiften?<br \/><strong>Svar<\/strong>: I m\u00e5nadsavgiften ing\u00e5r v\u00e4rme, f\u00f6rr\u00e5d, kabel-tv (digitalt basutbud ifr\u00e5n Tele2), Internet, (500\/50 Mb\/s)\u00a0 vatten och varmvatten.<\/p>\n<hr \/>\n<p><strong>Fr\u00e5ga<\/strong>: Vad ing\u00e5r inte i m\u00e5nadsavgiften?<br \/><strong>Svar<\/strong>: Hush\u00e5llsel enligt f\u00f6rbrukning &#8211; prelimin\u00e4rdebiteras och justeras i efterskott vid \u00e5rets slut.<\/p>\n<hr \/>\n<p><strong>Fr\u00e5ga<\/strong>: Godk\u00e4nns juridiska personer som k\u00f6pare?<br \/><strong>Svar<\/strong>: Juridisk person godk\u00e4nnes ej.<\/p>\n<hr \/>\n<p><strong>Fr\u00e5ga<\/strong>: Till\u00e5ter vi delat \u00e4gande?<br \/><strong>Svar<\/strong>: Vi till\u00e5ter delat \u00e4gande med minst 10% andel.<\/p>\n<hr \/>\n<p><strong>Fr\u00e5ga<\/strong>: \u00c4r det en \u00e4kta f\u00f6rening?<br \/><strong>Svar<\/strong>: F\u00f6reningen \u00e4r \u00e4kta och bildades 2015-02-09.<\/p>\n<hr \/>\n<p><strong>Fr\u00e5ga<\/strong>: Hur kontaktar man f\u00f6reningen?<br \/><strong>Svar<\/strong>: Fr\u00e5gor kan skickas till <a href=\"mailto:info@brfsorbyangen.se\" target=\"_blank\" rel=\"noopener\">info@brfsorbyangen.se<\/a>.<\/p>\n<hr \/>\n<p><em>F\u00f6reningen p\u00e5tar sig inte n\u00e5got ansvar f\u00f6r uppgifternas riktighet i sig, utan intygar endast att l\u00e4mnade uppgifter \u00f6verensst\u00e4mmer med tillg\u00e4ngliga handlingar.<\/em><\/p>\n\n\n<p><\/p>\n","protected":false},"excerpt":{"rendered":"<p>Fr\u00e5ga: Vad \u00e4r \u00f6verl\u00e5telseavgiften och vem debiteras?Svar: \u00d6verl\u00e5telseavgift, 2,5 % av g\u00e4llande prisbasbelopp och\u00a0debiteras k\u00f6paren. Fr\u00e5ga: Vad \u00e4r pants\u00e4ttningsavgiften och vem debiteras?Svar: Pants\u00e4ttningsavgift, 1 % av g\u00e4llande prisbasbelopp, debiteras per pant (g\u00e4ller \u00e4ven vid \u00f6verl\u00e5telse d\u00e4r k\u00f6paren debiteras). Fr\u00e5ga: Vad &hellip; <a href=\"https:\/\/brfsorbyangen.se\/?page_id=47\">Forts\u00e4tt l\u00e4sa <span class=\"meta-nav\">&rarr;<\/span><\/a><\/p>\n","protected":false},"author":2,"featured_media":148,"parent":0,"menu_order":0,"comment_status":"closed","ping_status":"closed","template":"","meta":{"footnotes":""},"class_list":["post-47","page","type-page","status-publish","has-post-thumbnail","hentry"],"_links":{"self":[{"href":"https:\/\/brfsorbyangen.se\/index.php?rest_route=\/wp\/v2\/pages\/47","targetHints":{"allow":["GET"]}}],"collection":[{"href":"https:\/\/brfsorbyangen.se\/index.php?rest_route=\/wp\/v2\/pages"}],"about":[{"href":"https:\/\/brfsorbyangen.se\/index.php?rest_route=\/wp\/v2\/types\/page"}],"author":[{"embeddable":true,"href":"https:\/\/brfsorbyangen.se\/index.php?rest_route=\/wp\/v2\/users\/2"}],"replies":[{"embeddable":true,"href":"https:\/\/brfsorbyangen.se\/index.php?rest_route=%2Fwp%2Fv2%2Fcomments&post=47"}],"version-history":[{"count":24,"href":"https:\/\/brfsorbyangen.se\/index.php?rest_route=\/wp\/v2\/pages\/47\/revisions"}],"predecessor-version":[{"id":1785,"href":"https:\/\/brfsorbyangen.se\/index.php?rest_route=\/wp\/v2\/pages\/47\/revisions\/1785"}],"wp:featuredmedia":[{"embeddable":true,"href":"https:\/\/brfsorbyangen.se\/index.php?rest_route=\/wp\/v2\/media\/148"}],"wp:attachment":[{"href":"https:\/\/brfsorbyangen.se\/index.php?rest_route=%2Fwp%2Fv2%2Fmedia&parent=47"}],"curies":[{"name":"wp","href":"https:\/\/api.w.org\/{rel}","templated":true}]}}