{"id":52,"date":"2018-07-11T09:01:14","date_gmt":"2018-07-11T09:01:14","guid":{"rendered":"https:\/\/brfsorbyangen.se\/?page_id=52"},"modified":"2026-04-24T07:38:37","modified_gmt":"2026-04-24T07:38:37","slug":"styrelsen","status":"publish","type":"page","link":"https:\/\/brfsorbyangen.se\/?page_id=52","title":{"rendered":"Styrelse och \u00f6vriga f\u00f6rtroendevalda samt delegering"},"content":{"rendered":"\n<figure class=\"wp-block-image size-large is-resized\"><img loading=\"lazy\" decoding=\"async\" width=\"730\" height=\"547\" src=\"https:\/\/brfsorbyangen.se\/wp-content\/uploads\/2020\/04\/styrelse_730.jpg\" alt=\"\" class=\"wp-image-777\" style=\"width:168px;height:130px\" srcset=\"https:\/\/brfsorbyangen.se\/wp-content\/uploads\/2020\/04\/styrelse_730.jpg 730w, https:\/\/brfsorbyangen.se\/wp-content\/uploads\/2020\/04\/styrelse_730-300x225.jpg 300w, https:\/\/brfsorbyangen.se\/wp-content\/uploads\/2020\/04\/styrelse_730-400x300.jpg 400w\" sizes=\"auto, (max-width: 730px) 100vw, 730px\" \/><\/figure>\n\n\n<p><strong>Styrelsen best\u00e5r av:<br \/><\/strong>Ordf\u00f6rande: C-G Hjelm<br \/>Vice ordf\u00f6rande: Adem Alkic<br \/>Sekreterare: Nina Glimvall<br \/>Kass\u00f6r: Anders Lundgren<br \/>Ledamot: Per Rigb\u00e4ck<br \/>Ledamot: Sebastian Broman<br \/>Ledamot: Anders Alkman<\/p>\n<p>Extern revisor: Lars Andersson<br \/>Internrevisor: Anders Eriksson<\/p>\n<p>Kommunikation med styrelsen \u00f6nskar vi sker via <a href=\"mailto:info@brfsorbyangen.se\" target=\"_blank\" rel=\"noopener\">info@brfsorbyangen.se<\/a><\/p>\n<p><a href=\"https:\/\/brfsorbyangen.se\/wp-content\/uploads\/2025\/06\/Registreringsbevis_769629-5422.pdf\" target=\"_blank\" rel=\"noopener\">Aktuellt registreringsbevis<\/a><\/p>\n<p><strong>Sammantr\u00e4den<br \/><\/strong>Styrelsen sammantr\u00e4der normalt en g\u00e5ng per m\u00e5nad, med undantag f\u00f6r sommarm\u00e5naderna. Vid dessa m\u00f6ten hanterar vi f\u00f6rutom det fram\u00e5triktade \u00e4ven det\u00a0 l\u00f6pande arbetet med medlemsans\u00f6kningar, pants\u00e4ttningar, andrahandsuthyrningar och andra medlemsfr\u00e5gor.<\/p>\n<p><strong>Ansvarsomr\u00e5den<\/strong><br \/>Generellt g\u00e4ller att vi p\u00e5 m\u00e5nga av dessa omr\u00e5den har f\u00f6rvaltnings- eller driftavtal med bland annat Riksbyggen, Motum, Suez, Tele2, \u00d6rebro kommun. Vad detta g\u00e4ller \u00e4r fr\u00e4mst bevakning av f\u00f6r\u00e4ndringar inom omr\u00e5det, kontroll av de avtal vi har samt i f\u00f6rekommande fall kontaktperson mot leverant\u00f6r.<\/p>\n<p><strong>Ansvar i f\u00f6reningen f\u00f6r olika delomr\u00e5den<\/strong><br \/>Bredband, TV och telefoni &#8211;<em> C-G H<\/em><br \/>Andrahanduthyrningar &#8211;<em> Anders L<\/em><br \/>Dokumentation och arkiv &#8211; Nina G<br \/>Ekonomi, kostnadsuppf\u00f6ljning och budget &#8211;<em> Anders L<\/em><br \/>El- och fj\u00e4rrv\u00e4rme- <em>Glenn L<\/em><br \/>F\u00f6rs\u00e4kringar &#8211; <em>Anders L<\/em><br \/>Parkeringsplatser och k\u00f6 &#8211; <em>Nina G\/Mia F<\/em><strong><br \/><\/strong>Hissar och milj\u00f6rum &#8211; <em>Anders A<\/em><strong><br \/><\/strong>Nycklar och taggar &#8211;<em> Adem A<br \/><\/em>Utemilj\u00f6 &#8211; <em>Adem A<br \/><\/em>VVS, fj\u00e4rrv\u00e4rme &#8211; <em>Glenn L<\/em><br \/>Sotning och ventilation &#8211; Anders A<br \/>Webbsida och information &#8211; C-G H<\/p>\n<p><strong>Delegering<\/strong><br \/>Styrelsen har ansvar att hantera alla f\u00f6rvaltningsfr\u00e5gor l\u00f6pande.<br \/>Offerter tas in och bearbetas n\u00e4r ett nytt arbete ska utf\u00f6ras i f\u00f6reningen. Styrelsen fattar beslut vilken leverant\u00f6r som skall antas.<br \/>Ordf\u00f6rande, vise ordf\u00f6rande och kass\u00f6r delegeras, var f\u00f6r sig r\u00e4tt att g\u00f6ra ink\u00f6p till f\u00f6reningen upp till 10.000 kr.<br \/>Ordf\u00f6rande tillsammans med kass\u00f6ren delegeras r\u00e4tt att gemensamt attestera leverant\u00f6rsfakturor.\u00a0<\/p>\n<p><strong>Kontakt med f\u00f6reningen<\/strong><br \/>E-post till f\u00f6reningen\/styrelsen \u00e4r <a href=\"mailto:info@brfsorbyangen.se\" target=\"_blank\" rel=\"noopener\">info@brfsorbyangen.se<\/a><\/p>\n<p><strong>Valberedning<\/strong><br \/><em>Erica Hjelm och Emilile Pless<\/em><\/p>\n<hr \/>\n\n\n<p><\/p>\n","protected":false},"excerpt":{"rendered":"<p>Styrelsen best\u00e5r av:Ordf\u00f6rande: C-G HjelmVice ordf\u00f6rande: Adem AlkicSekreterare: Nina GlimvallKass\u00f6r: Anders LundgrenLedamot: Per Rigb\u00e4ckLedamot: Sebastian BromanLedamot: Anders Alkman Extern revisor: Lars AnderssonInternrevisor: Anders Eriksson Kommunikation med styrelsen \u00f6nskar vi sker via info@brfsorbyangen.se Aktuellt registreringsbevis Sammantr\u00e4denStyrelsen sammantr\u00e4der normalt en g\u00e5ng per &hellip; <a href=\"https:\/\/brfsorbyangen.se\/?page_id=52\">Forts\u00e4tt l\u00e4sa <span class=\"meta-nav\">&rarr;<\/span><\/a><\/p>\n","protected":false},"author":2,"featured_media":147,"parent":0,"menu_order":0,"comment_status":"closed","ping_status":"closed","template":"","meta":{"footnotes":""},"class_list":["post-52","page","type-page","status-publish","has-post-thumbnail","hentry"],"_links":{"self":[{"href":"https:\/\/brfsorbyangen.se\/index.php?rest_route=\/wp\/v2\/pages\/52","targetHints":{"allow":["GET"]}}],"collection":[{"href":"https:\/\/brfsorbyangen.se\/index.php?rest_route=\/wp\/v2\/pages"}],"about":[{"href":"https:\/\/brfsorbyangen.se\/index.php?rest_route=\/wp\/v2\/types\/page"}],"author":[{"embeddable":true,"href":"https:\/\/brfsorbyangen.se\/index.php?rest_route=\/wp\/v2\/users\/2"}],"replies":[{"embeddable":true,"href":"https:\/\/brfsorbyangen.se\/index.php?rest_route=%2Fwp%2Fv2%2Fcomments&post=52"}],"version-history":[{"count":94,"href":"https:\/\/brfsorbyangen.se\/index.php?rest_route=\/wp\/v2\/pages\/52\/revisions"}],"predecessor-version":[{"id":1857,"href":"https:\/\/brfsorbyangen.se\/index.php?rest_route=\/wp\/v2\/pages\/52\/revisions\/1857"}],"wp:featuredmedia":[{"embeddable":true,"href":"https:\/\/brfsorbyangen.se\/index.php?rest_route=\/wp\/v2\/media\/147"}],"wp:attachment":[{"href":"https:\/\/brfsorbyangen.se\/index.php?rest_route=%2Fwp%2Fv2%2Fmedia&parent=52"}],"curies":[{"name":"wp","href":"https:\/\/api.w.org\/{rel}","templated":true}]}}