{"id":543,"date":"2019-03-06T09:47:36","date_gmt":"2019-03-06T09:47:36","guid":{"rendered":"https:\/\/brfsorbyangen.se\/?page_id=543"},"modified":"2022-05-21T13:19:34","modified_gmt":"2022-05-21T13:19:34","slug":"tradlost-internet-pa-innergarden","status":"publish","type":"page","link":"https:\/\/brfsorbyangen.se\/?page_id=543","title":{"rendered":"Tr\u00e5dl\u00f6st Internet p\u00e5 innerg\u00e5rden"},"content":{"rendered":"<p><strong>Det finns en s.k. accesspunkt utanf\u00f6r nummer 59 in mot g\u00e5rden. Namnet p\u00e5 denna (SSID) \u00e4r BRFSORBYANGEN och l\u00f6senordet \u00e4r\u00a0sorbyangen2018<\/strong><\/p>\n","protected":false},"excerpt":{"rendered":"<p>Det finns en s.k. accesspunkt utanf\u00f6r nummer 59 in mot g\u00e5rden. Namnet p\u00e5 denna (SSID) \u00e4r BRFSORBYANGEN och l\u00f6senordet \u00e4r\u00a0sorbyangen2018<\/p>\n","protected":false},"author":2,"featured_media":0,"parent":0,"menu_order":0,"comment_status":"closed","ping_status":"closed","template":"","meta":{"footnotes":""},"class_list":["post-543","page","type-page","status-publish","hentry"],"_links":{"self":[{"href":"https:\/\/brfsorbyangen.se\/index.php?rest_route=\/wp\/v2\/pages\/543","targetHints":{"allow":["GET"]}}],"collection":[{"href":"https:\/\/brfsorbyangen.se\/index.php?rest_route=\/wp\/v2\/pages"}],"about":[{"href":"https:\/\/brfsorbyangen.se\/index.php?rest_route=\/wp\/v2\/types\/page"}],"author":[{"embeddable":true,"href":"https:\/\/brfsorbyangen.se\/index.php?rest_route=\/wp\/v2\/users\/2"}],"replies":[{"embeddable":true,"href":"https:\/\/brfsorbyangen.se\/index.php?rest_route=%2Fwp%2Fv2%2Fcomments&post=543"}],"version-history":[{"count":2,"href":"https:\/\/brfsorbyangen.se\/index.php?rest_route=\/wp\/v2\/pages\/543\/revisions"}],"predecessor-version":[{"id":1474,"href":"https:\/\/brfsorbyangen.se\/index.php?rest_route=\/wp\/v2\/pages\/543\/revisions\/1474"}],"wp:attachment":[{"href":"https:\/\/brfsorbyangen.se\/index.php?rest_route=%2Fwp%2Fv2%2Fmedia&parent=543"}],"curies":[{"name":"wp","href":"https:\/\/api.w.org\/{rel}","templated":true}]}}