{"id":547,"date":"2019-03-07T09:25:10","date_gmt":"2019-03-07T09:25:10","guid":{"rendered":"https:\/\/brfsorbyangen.se\/?page_id=547"},"modified":"2022-05-21T13:12:27","modified_gmt":"2022-05-21T13:12:27","slug":"inglasning","status":"publish","type":"page","link":"https:\/\/brfsorbyangen.se\/?page_id=547","title":{"rendered":"Inglasning"},"content":{"rendered":"<p><strong>Inglasning av uteplatser och balkonger skall ske enligt v\u00e5r \u00f6verenskommelse med Sakkes <a href=\"http:\/\/www.sakkes.se\" target=\"_blank\" rel=\"noopener noreferrer\">www.sakkes.se.<\/a><br \/>\nBygglovet g\u00e4ller till b\u00f6rjan p\u00e5 2023.<\/strong><\/p>\n<p><strong>Eventuell felanm\u00e4lan mm skall ske till <a href=\"mailto:service@sakkes.se\" target=\"_blank\" rel=\"noopener noreferrer\">service@sakkes.se<\/a><\/strong><\/p>\n","protected":false},"excerpt":{"rendered":"<p>Inglasning av uteplatser och balkonger skall ske enligt v\u00e5r \u00f6verenskommelse med Sakkes www.sakkes.se. Bygglovet g\u00e4ller till b\u00f6rjan p\u00e5 2023. Eventuell felanm\u00e4lan mm skall ske till service@sakkes.se<\/p>\n","protected":false},"author":2,"featured_media":0,"parent":0,"menu_order":0,"comment_status":"closed","ping_status":"closed","template":"","meta":{"footnotes":""},"class_list":["post-547","page","type-page","status-publish","hentry"],"_links":{"self":[{"href":"https:\/\/brfsorbyangen.se\/index.php?rest_route=\/wp\/v2\/pages\/547","targetHints":{"allow":["GET"]}}],"collection":[{"href":"https:\/\/brfsorbyangen.se\/index.php?rest_route=\/wp\/v2\/pages"}],"about":[{"href":"https:\/\/brfsorbyangen.se\/index.php?rest_route=\/wp\/v2\/types\/page"}],"author":[{"embeddable":true,"href":"https:\/\/brfsorbyangen.se\/index.php?rest_route=\/wp\/v2\/users\/2"}],"replies":[{"embeddable":true,"href":"https:\/\/brfsorbyangen.se\/index.php?rest_route=%2Fwp%2Fv2%2Fcomments&post=547"}],"version-history":[{"count":3,"href":"https:\/\/brfsorbyangen.se\/index.php?rest_route=\/wp\/v2\/pages\/547\/revisions"}],"predecessor-version":[{"id":1470,"href":"https:\/\/brfsorbyangen.se\/index.php?rest_route=\/wp\/v2\/pages\/547\/revisions\/1470"}],"wp:attachment":[{"href":"https:\/\/brfsorbyangen.se\/index.php?rest_route=%2Fwp%2Fv2%2Fmedia&parent=547"}],"curies":[{"name":"wp","href":"https:\/\/api.w.org\/{rel}","templated":true}]}}