{"id":617,"date":"2019-09-17T11:16:37","date_gmt":"2019-09-17T11:16:37","guid":{"rendered":"https:\/\/brfsorbyangen.se\/?page_id=617"},"modified":"2024-09-27T08:30:43","modified_gmt":"2024-09-27T08:30:43","slug":"bokning-av-orangeriet","status":"publish","type":"page","link":"https:\/\/brfsorbyangen.se\/?page_id=617","title":{"rendered":"Rutiner och bokning av orangeriet"},"content":{"rendered":"\n<p><strong>Alla medlemmar \u00e4r v\u00e4lkomna att boka och fritt anv\u00e4nda orangeriet. Bokning sker med oranga taggen vid infotavlan utanf\u00f6r \u00f6vernattningsrummet l\u00e4ngst ner i nummer 59. Bokning kan man g\u00f6ra upp till 30 dagar innan och taggen du bokat med fungerar hela den bokade dagen fram till klockan 22.00.<\/strong><br><strong>Efter anv\u00e4ndande st\u00e4dar man givetvis av allt efter sig innan man l\u00e4mnar. <\/strong><br><strong>Kom ocks\u00e5 ih\u00e5g att enligt v\u00e5ra <a href=\"https:\/\/brfsorbyangen.se\/?page_id=269\">trivselregler<\/a> det skall vara tyst  klockan 22<\/strong> <strong>och att du inte kommer in i orangeret med din tagg efter den tiden.<\/strong><br><strong><em><span style=\"color:#a30900\" class=\"has-inline-color\">F\u00f6r att f\u00e5 vara inne i orangeriet m\u00e5ste du som medlem ALLTID boka<\/span><\/em><\/strong>.<\/p>\n\n\n\n<hr class=\"wp-block-separator has-css-opacity\"\/>\n\n\n\n<p><span class=\"has-inline-color has-dark-gray-color\"><strong>Det finns ocks\u00e5 i orangeriet en l\u00e5da med diverse saker (st\u00f6rre salladssk\u00e5lar, n\u00e5gra mindre sk\u00e5lar, ljus, ljush\u00e5llare, vattenflaskor och n\u00e5gra sk\u00e4rbr\u00e4den) att l\u00e5na om man beh\u00f6ver till antingen orangeriet eller grillplatsen. Bara att l\u00e5na och diska samt st\u00e4lla tillbaka i l\u00e5dan efter anv\u00e4ndning.<\/strong><br><\/span><strong><em><span class=\"has-inline-color has-dark-gray-color\">Det finns en liten v\u00e4rmare som h\u00e4nger ner \u00f6ver bordet med tv\u00e5 effektl\u00e4gen<\/span> &#8211; s\u00e4tter man in fler\/andra v\u00e4rmare finns det risk att s\u00e4kringen g\u00e5r &#8211; skulle detta h\u00e4nda m\u00e5ste den som l\u00e5nat lokalen ovillkorligen maila f\u00f6reningen.<\/em><\/strong><\/p>\n","protected":false},"excerpt":{"rendered":"<p>Alla medlemmar \u00e4r v\u00e4lkomna att boka och fritt anv\u00e4nda orangeriet. Bokning sker med oranga taggen vid infotavlan utanf\u00f6r \u00f6vernattningsrummet l\u00e4ngst ner i nummer 59. Bokning kan man g\u00f6ra upp till 30 dagar innan och taggen du bokat med fungerar hela &hellip; <a href=\"https:\/\/brfsorbyangen.se\/?page_id=617\">Forts\u00e4tt l\u00e4sa <span class=\"meta-nav\">&rarr;<\/span><\/a><\/p>\n","protected":false},"author":2,"featured_media":0,"parent":0,"menu_order":0,"comment_status":"closed","ping_status":"closed","template":"","meta":{"footnotes":""},"class_list":["post-617","page","type-page","status-publish","hentry"],"_links":{"self":[{"href":"https:\/\/brfsorbyangen.se\/index.php?rest_route=\/wp\/v2\/pages\/617","targetHints":{"allow":["GET"]}}],"collection":[{"href":"https:\/\/brfsorbyangen.se\/index.php?rest_route=\/wp\/v2\/pages"}],"about":[{"href":"https:\/\/brfsorbyangen.se\/index.php?rest_route=\/wp\/v2\/types\/page"}],"author":[{"embeddable":true,"href":"https:\/\/brfsorbyangen.se\/index.php?rest_route=\/wp\/v2\/users\/2"}],"replies":[{"embeddable":true,"href":"https:\/\/brfsorbyangen.se\/index.php?rest_route=%2Fwp%2Fv2%2Fcomments&post=617"}],"version-history":[{"count":25,"href":"https:\/\/brfsorbyangen.se\/index.php?rest_route=\/wp\/v2\/pages\/617\/revisions"}],"predecessor-version":[{"id":1674,"href":"https:\/\/brfsorbyangen.se\/index.php?rest_route=\/wp\/v2\/pages\/617\/revisions\/1674"}],"wp:attachment":[{"href":"https:\/\/brfsorbyangen.se\/index.php?rest_route=%2Fwp%2Fv2%2Fmedia&parent=617"}],"curies":[{"name":"wp","href":"https:\/\/api.w.org\/{rel}","templated":true}]}}