{"id":790,"date":"2020-04-08T04:51:19","date_gmt":"2020-04-08T04:51:19","guid":{"rendered":"https:\/\/brfsorbyangen.se\/?page_id=790"},"modified":"2024-04-30T12:01:18","modified_gmt":"2024-04-30T12:01:18","slug":"markiser-sa-har-gar-du-tillvaga","status":"publish","type":"page","link":"https:\/\/brfsorbyangen.se\/?page_id=790","title":{"rendered":"Markiser &#8211; s\u00e5 h\u00e4r g\u00e5r du tillv\u00e4ga:"},"content":{"rendered":"\n<ol class=\"wp-block-list\">\n<li>Kontakta den leverant\u00f6r du vill anv\u00e4nda dig av. De g\u00f6r d\u00e5 ett bes\u00f6k och ger dig ett f\u00f6rslag p\u00e5 hur montering skall ske. Observera redan i detta stadie att ingen h\u00e5ltagning f\u00e5r ske i den putsade fasaden. Inf\u00e4stning kan till exempel ske i balkongens eller terrassens betongtak. Be om ritningen p\u00e5 inf\u00e4stning fr\u00e5n markistillverkaren. <a href=\"info@brfsorbyangen.se\">Kontaktas styrelsen<\/a> f\u00f6r info kring f\u00e4rg, storlek etc. F\u00e4rgen som skall anv\u00e4ndas heter 8902 Beige med f\u00e4rgnummer NCS: S 3010-Y30R.<\/li>\n\n\n\n<li>Kontakta styrelsen med f\u00f6rslag p\u00e5 markis &#8211; skicka med kopia p\u00e5 offert d\u00e4r storlek och f\u00e4rg framg\u00e5r.<\/li>\n\n\n\n<li>Styrelsen fattar ett beslut (m\u00f6ten m\u00e5nadsvis med undantag f\u00f6r sommarm\u00e5naderna)<\/li>\n\n\n\n<li>Du kommer sedan att beh\u00f6va skriva under ett avtal som beskriver det ansvar du har f\u00f6r din markis gentemot f\u00f6reningen. Arbetet med upps\u00e4ttning f\u00e5r inte p\u00e5b\u00f6rjas innan du f\u00e5tt tillst\u00e5nd och avtalet \u00e4r p\u00e5skrivet.<\/li>\n\n\n\n<li>Markisen \u00e4r din egendom och du ansvarar f\u00f6r underh\u00e5llet av denna (se avtalet).\u00a0<\/li>\n\n\n\n<li>Om underh\u00e5llsarbete p\u00e5 fastigheten skall utf\u00f6ras som kr\u00e4ver att markisen tas ned, s\u00e5 sker det p\u00e5 ditt ansvar och din bekostnad.\u00a0<\/li>\n\n\n\n<li>Vid eventuell \u00f6verl\u00e5telse av bostaden \u00e4r det din skyldighet att informera den nye \u00e4garen om att ovanst\u00e5ende villkor g\u00e4ller.<\/li>\n<\/ol>\n","protected":false},"excerpt":{"rendered":"","protected":false},"author":2,"featured_media":0,"parent":0,"menu_order":0,"comment_status":"closed","ping_status":"closed","template":"","meta":{"footnotes":""},"class_list":["post-790","page","type-page","status-publish","hentry"],"_links":{"self":[{"href":"https:\/\/brfsorbyangen.se\/index.php?rest_route=\/wp\/v2\/pages\/790","targetHints":{"allow":["GET"]}}],"collection":[{"href":"https:\/\/brfsorbyangen.se\/index.php?rest_route=\/wp\/v2\/pages"}],"about":[{"href":"https:\/\/brfsorbyangen.se\/index.php?rest_route=\/wp\/v2\/types\/page"}],"author":[{"embeddable":true,"href":"https:\/\/brfsorbyangen.se\/index.php?rest_route=\/wp\/v2\/users\/2"}],"replies":[{"embeddable":true,"href":"https:\/\/brfsorbyangen.se\/index.php?rest_route=%2Fwp%2Fv2%2Fcomments&post=790"}],"version-history":[{"count":7,"href":"https:\/\/brfsorbyangen.se\/index.php?rest_route=\/wp\/v2\/pages\/790\/revisions"}],"predecessor-version":[{"id":1627,"href":"https:\/\/brfsorbyangen.se\/index.php?rest_route=\/wp\/v2\/pages\/790\/revisions\/1627"}],"wp:attachment":[{"href":"https:\/\/brfsorbyangen.se\/index.php?rest_route=%2Fwp%2Fv2%2Fmedia&parent=790"}],"curies":[{"name":"wp","href":"https:\/\/api.w.org\/{rel}","templated":true}]}}